{"id":1052,"date":"2023-02-15T22:40:51","date_gmt":"2023-02-15T22:40:51","guid":{"rendered":"https:\/\/bajaserenity.com\/?page_id=1052"},"modified":"2023-05-30T23:49:24","modified_gmt":"2023-05-30T23:49:24","slug":"adventures","status":"publish","type":"page","link":"https:\/\/bajaserenity.com\/es\/adventures\/","title":{"rendered":"Aventuras"},"content":{"rendered":"<div data-elementor-type=\"wp-page\" data-elementor-id=\"1052\" class=\"elementor elementor-1052\" data-elementor-post-type=\"page\">\n\t\t\t\t\t\t<section class=\"elementor-section elementor-top-section elementor-element elementor-element-69ea717 elementor-section-full_width elementor-section-height-default elementor-section-height-default\" data-id=\"69ea717\" data-element_type=\"section\" data-e-type=\"section\">\n\t\t\t\t\t\t<div class=\"elementor-container elementor-column-gap-no\">\n\t\t\t\t\t<div class=\"elementor-column elementor-col-100 elementor-top-column elementor-element elementor-element-4e54c36\" data-id=\"4e54c36\" data-element_type=\"column\" data-e-type=\"column\">\n\t\t\t<div class=\"elementor-widget-wrap elementor-element-populated\">\n\t\t\t\t\t\t<div class=\"elementor-element elementor-element-401f14c elementor--h-position-center elementor--v-position-middle elementor-arrows-position-inside elementor-pagination-position-inside elementor-widget elementor-widget-slides\" data-id=\"401f14c\" data-element_type=\"widget\" data-e-type=\"widget\" data-settings=\"{&quot;autoplay_speed&quot;:3000,&quot;transition&quot;:&quot;fade&quot;,&quot;transition_speed&quot;:1000,&quot;navigation&quot;:&quot;both&quot;,&quot;autoplay&quot;:&quot;yes&quot;,&quot;pause_on_hover&quot;:&quot;yes&quot;,&quot;pause_on_interaction&quot;:&quot;yes&quot;,&quot;infinite&quot;:&quot;yes&quot;}\" data-widget_type=\"slides.default\">\n\t\t\t\t<div class=\"elementor-widget-container\">\n\t\t\t\t\t\t\t\t\t<div class=\"elementor-swiper\">\n\t\t\t\t\t<div class=\"elementor-slides-wrapper elementor-main-swiper swiper\" role=\"region\" aria-roledescription=\"carousel\" aria-label=\"Diapositivas\" dir=\"ltr\" data-animation=\"fadeInUp\">\n\t\t\t\t<div class=\"swiper-wrapper elementor-slides\">\n\t\t\t\t\t\t\t\t\t\t<div class=\"elementor-repeater-item-771d613 swiper-slide\" role=\"group\" aria-roledescription=\"slide\"><div class=\"swiper-slide-bg elementor-ken-burns elementor-ken-burns--in\" role=\"img\" aria-label=\"Mountain Biking Header\"><\/div><div class=\"swiper-slide-inner\" ><div class=\"swiper-slide-contents\"><\/div><\/div><\/div><div class=\"elementor-repeater-item-73aeb24 swiper-slide\" role=\"group\" aria-roledescription=\"slide\"><div class=\"swiper-slide-bg elementor-ken-burns elementor-ken-burns--in\" role=\"img\" aria-label=\"ADVENTURES-B--Snorkelers-with-sea-lions--3-copy\"><\/div><div class=\"swiper-slide-inner\" ><div class=\"swiper-slide-contents\"><\/div><\/div><\/div><div class=\"elementor-repeater-item-ed9c0e6 swiper-slide\" role=\"group\" aria-roledescription=\"slide\"><div class=\"swiper-slide-bg elementor-ken-burns elementor-ken-burns--in\" role=\"img\" aria-label=\"kayaking-group-2-copy\"><\/div><div class=\"swiper-slide-inner\" ><div class=\"swiper-slide-contents\"><\/div><\/div><\/div><div class=\"elementor-repeater-item-90cdea4 swiper-slide\" role=\"group\" aria-roledescription=\"slide\"><div class=\"swiper-slide-bg elementor-ken-burns elementor-ken-burns--in\" role=\"img\" aria-label=\"ADVENTURES-D--divers-ashore-crop\"><\/div><div class=\"swiper-slide-inner\" ><div class=\"swiper-slide-contents\"><\/div><\/div><\/div>\t\t\t\t<\/div>\n\t\t\t\t\t\t\t\t\t\t\t\t\t\t\t<div class=\"elementor-swiper-button elementor-swiper-button-prev\" role=\"button\" tabindex=\"0\" aria-label=\"Diapositiva anterior\">\n\t\t\t\t\t\t\t<i aria-hidden=\"true\" class=\"eicon-chevron-left\"><\/i>\t\t\t\t\t\t<\/div>\n\t\t\t\t\t\t<div class=\"elementor-swiper-button elementor-swiper-button-next\" role=\"button\" tabindex=\"0\" aria-label=\"Siguiente diapositiva\">\n\t\t\t\t\t\t\t<i aria-hidden=\"true\" class=\"eicon-chevron-right\"><\/i>\t\t\t\t\t\t<\/div>\n\t\t\t\t\t\t\t\t\t\t\t\t\t\t\t\t<div class=\"swiper-pagination\"><\/div>\n\t\t\t\t\t\t\t\t\t\t\t\t<\/div>\n\t\t\t\t<\/div>\n\t\t\t\t\t\t\t\t<\/div>\n\t\t\t\t<\/div>\n\t\t\t\t\t<\/div>\n\t\t<\/div>\n\t\t\t\t\t<\/div>\n\t\t<\/section>\n\t\t\t\t<section class=\"elementor-section elementor-top-section elementor-element elementor-element-6aee7d8 elementor-section-boxed elementor-section-height-default elementor-section-height-default\" data-id=\"6aee7d8\" data-element_type=\"section\" data-e-type=\"section\">\n\t\t\t\t\t\t<div class=\"elementor-container elementor-column-gap-default\">\n\t\t\t\t\t<div class=\"elementor-column elementor-col-100 elementor-top-column elementor-element elementor-element-107abb2\" data-id=\"107abb2\" data-element_type=\"column\" data-e-type=\"column\">\n\t\t\t<div class=\"elementor-widget-wrap elementor-element-populated\">\n\t\t\t\t\t\t<div class=\"elementor-element elementor-element-b45b6d9 elementor-widget elementor-widget-heading\" data-id=\"b45b6d9\" data-element_type=\"widget\" data-e-type=\"widget\" data-widget_type=\"heading.default\">\n\t\t\t\t<div class=\"elementor-widget-container\">\n\t\t\t\t\t<h2 class=\"elementor-heading-title elementor-size-default\">Aventuras<\/h2>\t\t\t\t<\/div>\n\t\t\t\t<\/div>\n\t\t\t\t<div class=\"elementor-element elementor-element-aa798a1 elementor-widget-divider--view-line elementor-widget elementor-widget-divider\" data-id=\"aa798a1\" data-element_type=\"widget\" data-e-type=\"widget\" data-widget_type=\"divider.default\">\n\t\t\t\t<div class=\"elementor-widget-container\">\n\t\t\t\t\t\t\t<div class=\"elementor-divider\">\n\t\t\t<span class=\"elementor-divider-separator\">\n\t\t\t\t\t\t<\/span>\n\t\t<\/div>\n\t\t\t\t\t\t<\/div>\n\t\t\t\t<\/div>\n\t\t\t\t<div class=\"elementor-element elementor-element-c8a32fa elementor-widget elementor-widget-text-editor\" data-id=\"c8a32fa\" data-element_type=\"widget\" data-e-type=\"widget\" data-widget_type=\"text-editor.default\">\n\t\t\t\t<div class=\"elementor-widget-container\">\n\t\t\t\t\t\t\t\t\t<p>En Baja Serenity, tenemos una gran variedad de aventuras disponibles justo aqu\u00ed en Cabo Pulmo. No necesitas salir del pueblo para disfrutar de esn\u00f3rquel, buceo, senderismo y m\u00e1s. Y para los hu\u00e9spedes que desean explorar un poco m\u00e1s lejos, sabemos exactamente a d\u00f3nde guiarlos para pescar, visitar aguas termales y cascadas.\n\nSigue leyendo para conocer m\u00e1s.<\/p><p>Read on to learn more.<\/p>\t\t\t\t\t\t\t\t<\/div>\n\t\t\t\t<\/div>\n\t\t\t\t<div class=\"elementor-element elementor-element-f5b6832 elementor-widget elementor-widget-gallery\" data-id=\"f5b6832\" data-element_type=\"widget\" data-e-type=\"widget\" data-settings=\"{&quot;gallery_layout&quot;:&quot;masonry&quot;,&quot;columns&quot;:2,&quot;lazyload&quot;:&quot;yes&quot;,&quot;columns_tablet&quot;:2,&quot;columns_mobile&quot;:1,&quot;gap&quot;:{&quot;unit&quot;:&quot;px&quot;,&quot;size&quot;:10,&quot;sizes&quot;:[]},&quot;gap_tablet&quot;:{&quot;unit&quot;:&quot;px&quot;,&quot;size&quot;:10,&quot;sizes&quot;:[]},&quot;gap_mobile&quot;:{&quot;unit&quot;:&quot;px&quot;,&quot;size&quot;:10,&quot;sizes&quot;:[]},&quot;link_to&quot;:&quot;file&quot;,&quot;overlay_background&quot;:&quot;yes&quot;,&quot;content_hover_animation&quot;:&quot;fade-in&quot;}\" data-widget_type=\"gallery.default\">\n\t\t\t\t<div class=\"elementor-widget-container\">\n\t\t\t\t\t\t\t<div class=\"elementor-gallery__container\">\n\t\t\t\t\t\t\t<a class=\"e-gallery-item elementor-gallery-item elementor-animated-content\" href=\"https:\/\/bajaserenity.com\/wp-content\/uploads\/2023\/02\/FISHING-image1-copy.jpeg\" data-elementor-open-lightbox=\"yes\" data-elementor-lightbox-slideshow=\"f5b6832\" data-elementor-lightbox-title=\"FISHING-image1 copy\" data-e-action-hash=\"#elementor-action%3Aaction%3Dlightbox%26settings%3DeyJpZCI6MTgwMCwidXJsIjoiaHR0cHM6XC9cL2JhamFzZXJlbml0eS5jb21cL3dwLWNvbnRlbnRcL3VwbG9hZHNcLzIwMjNcLzAyXC9GSVNISU5HLWltYWdlMS1jb3B5LmpwZWciLCJzbGlkZXNob3ciOiJmNWI2ODMyIn0%3D\">\n\t\t\t\t\t<div class=\"e-gallery-image elementor-gallery-item__image\" data-thumbnail=\"https:\/\/bajaserenity.com\/wp-content\/uploads\/2023\/02\/FISHING-image1-copy.jpeg\" data-width=\"640\" data-height=\"480\" aria-label=\"\" role=\"img\" ><\/div>\n\t\t\t\t\t\t\t\t\t\t\t<div class=\"elementor-gallery-item__overlay\"><\/div>\n\t\t\t\t\t\t\t\t\t\t\t\t\t\t<\/a>\n\t\t\t\t\t\t\t<a class=\"e-gallery-item elementor-gallery-item elementor-animated-content\" href=\"https:\/\/bajaserenity.com\/wp-content\/uploads\/2023\/03\/ADVENTURES-z-Dive-tanks-copy-2.jpg\" data-elementor-open-lightbox=\"yes\" data-elementor-lightbox-slideshow=\"f5b6832\" data-elementor-lightbox-title=\"ADVENTURES-z--Dive-tanks-copy-2\" data-e-action-hash=\"#elementor-action%3Aaction%3Dlightbox%26settings%3DeyJpZCI6MjEzNSwidXJsIjoiaHR0cHM6XC9cL2JhamFzZXJlbml0eS5jb21cL3dwLWNvbnRlbnRcL3VwbG9hZHNcLzIwMjNcLzAzXC9BRFZFTlRVUkVTLXotRGl2ZS10YW5rcy1jb3B5LTIuanBnIiwic2xpZGVzaG93IjoiZjViNjgzMiJ9\">\n\t\t\t\t\t<div class=\"e-gallery-image elementor-gallery-item__image\" data-thumbnail=\"https:\/\/bajaserenity.com\/wp-content\/uploads\/2023\/03\/ADVENTURES-z-Dive-tanks-copy-2.jpg\" data-width=\"1000\" data-height=\"1333\" aria-label=\"\" role=\"img\" ><\/div>\n\t\t\t\t\t\t\t\t\t\t\t<div class=\"elementor-gallery-item__overlay\"><\/div>\n\t\t\t\t\t\t\t\t\t\t\t\t\t\t<\/a>\n\t\t\t\t\t\t\t<a class=\"e-gallery-item elementor-gallery-item elementor-animated-content\" href=\"https:\/\/bajaserenity.com\/wp-content\/uploads\/2023\/03\/ADVENTURES-z-Mountain-Biking-SStock-1-copy-2.jpg\" data-elementor-open-lightbox=\"yes\" data-elementor-lightbox-slideshow=\"f5b6832\" data-elementor-lightbox-title=\"ADVENTURES-z--Mountain-Biking-SStock-1-copy-2\" data-e-action-hash=\"#elementor-action%3Aaction%3Dlightbox%26settings%3DeyJpZCI6MjEzNiwidXJsIjoiaHR0cHM6XC9cL2JhamFzZXJlbml0eS5jb21cL3dwLWNvbnRlbnRcL3VwbG9hZHNcLzIwMjNcLzAzXC9BRFZFTlRVUkVTLXotTW91bnRhaW4tQmlraW5nLVNTdG9jay0xLWNvcHktMi5qcGciLCJzbGlkZXNob3ciOiJmNWI2ODMyIn0%3D\">\n\t\t\t\t\t<div class=\"e-gallery-image elementor-gallery-item__image\" data-thumbnail=\"https:\/\/bajaserenity.com\/wp-content\/uploads\/2023\/03\/ADVENTURES-z-Mountain-Biking-SStock-1-copy-2.jpg\" data-width=\"1000\" data-height=\"1134\" aria-label=\"\" role=\"img\" ><\/div>\n\t\t\t\t\t\t\t\t\t\t\t<div class=\"elementor-gallery-item__overlay\"><\/div>\n\t\t\t\t\t\t\t\t\t\t\t\t\t\t<\/a>\n\t\t\t\t\t\t\t<a class=\"e-gallery-item elementor-gallery-item elementor-animated-content\" href=\"https:\/\/bajaserenity.com\/wp-content\/uploads\/2023\/03\/ADVENTURES-z-Surfing-silhouette-2-copy-2.jpg\" data-elementor-open-lightbox=\"yes\" data-elementor-lightbox-slideshow=\"f5b6832\" data-elementor-lightbox-title=\"ADVENTURES-z--Surfing-silhouette-2-copy-2\" data-e-action-hash=\"#elementor-action%3Aaction%3Dlightbox%26settings%3DeyJpZCI6MjEzNywidXJsIjoiaHR0cHM6XC9cL2JhamFzZXJlbml0eS5jb21cL3dwLWNvbnRlbnRcL3VwbG9hZHNcLzIwMjNcLzAzXC9BRFZFTlRVUkVTLXotU3VyZmluZy1zaWxob3VldHRlLTItY29weS0yLmpwZyIsInNsaWRlc2hvdyI6ImY1YjY4MzIifQ%3D%3D\">\n\t\t\t\t\t<div class=\"e-gallery-image elementor-gallery-item__image\" data-thumbnail=\"https:\/\/bajaserenity.com\/wp-content\/uploads\/2023\/03\/ADVENTURES-z-Surfing-silhouette-2-copy-2.jpg\" data-width=\"1000\" data-height=\"1234\" aria-label=\"\" role=\"img\" ><\/div>\n\t\t\t\t\t\t\t\t\t\t\t<div class=\"elementor-gallery-item__overlay\"><\/div>\n\t\t\t\t\t\t\t\t\t\t\t\t\t\t<\/a>\n\t\t\t\t\t\t\t<a class=\"e-gallery-item elementor-gallery-item elementor-animated-content\" href=\"https:\/\/bajaserenity.com\/wp-content\/uploads\/2023\/02\/SNORKELING-AND-DIVING-Snorkel-with-Sea-Lions-copy.jpeg\" data-elementor-open-lightbox=\"yes\" data-elementor-lightbox-slideshow=\"f5b6832\" data-elementor-lightbox-title=\"SNORKELING-AND-DIVING-Snorkel with Sea Lions copy\" data-e-action-hash=\"#elementor-action%3Aaction%3Dlightbox%26settings%3DeyJpZCI6MTc1NiwidXJsIjoiaHR0cHM6XC9cL2JhamFzZXJlbml0eS5jb21cL3dwLWNvbnRlbnRcL3VwbG9hZHNcLzIwMjNcLzAyXC9TTk9SS0VMSU5HLUFORC1ESVZJTkctU25vcmtlbC13aXRoLVNlYS1MaW9ucy1jb3B5LmpwZWciLCJzbGlkZXNob3ciOiJmNWI2ODMyIn0%3D\">\n\t\t\t\t\t<div class=\"e-gallery-image elementor-gallery-item__image\" data-thumbnail=\"https:\/\/bajaserenity.com\/wp-content\/uploads\/2023\/02\/SNORKELING-AND-DIVING-Snorkel-with-Sea-Lions-copy.jpeg\" data-width=\"1328\" data-height=\"1534\" aria-label=\"\" role=\"img\" ><\/div>\n\t\t\t\t\t\t\t\t\t\t\t<div class=\"elementor-gallery-item__overlay\"><\/div>\n\t\t\t\t\t\t\t\t\t\t\t\t\t\t<\/a>\n\t\t\t\t\t<\/div>\n\t\t\t\t\t<\/div>\n\t\t\t\t<\/div>\n\t\t\t\t\t<\/div>\n\t\t<\/div>\n\t\t\t\t\t<\/div>\n\t\t<\/section>\n\t\t\t\t<section class=\"elementor-section elementor-top-section elementor-element elementor-element-e96c424 elementor-section-full_width elementor-section-stretched elementor-section-height-default elementor-section-height-default\" data-id=\"e96c424\" data-element_type=\"section\" data-e-type=\"section\" data-settings=\"{&quot;stretch_section&quot;:&quot;section-stretched&quot;}\">\n\t\t\t\t\t\t<div class=\"elementor-container elementor-column-gap-no\">\n\t\t\t\t\t<div class=\"elementor-column elementor-col-100 elementor-top-column elementor-element elementor-element-6b59db7\" data-id=\"6b59db7\" data-element_type=\"column\" data-e-type=\"column\">\n\t\t\t<div class=\"elementor-widget-wrap elementor-element-populated\">\n\t\t\t\t\t\t<div class=\"elementor-element elementor-element-56b9f28 elementor-align-center elementor-widget elementor-widget-button\" data-id=\"56b9f28\" data-element_type=\"widget\" data-e-type=\"widget\" data-widget_type=\"button.default\">\n\t\t\t\t<div class=\"elementor-widget-container\">\n\t\t\t\t\t\t\t\t\t<div class=\"elementor-button-wrapper\">\n\t\t\t\t\t<a class=\"elementor-button elementor-button-link elementor-size-sm\" href=\"https:\/\/bajaserenity.com\/es\/adventures\/snorkeling-diving\/\">\n\t\t\t\t\t\t<span class=\"elementor-button-content-wrapper\">\n\t\t\t\t\t\t\t\t\t<span class=\"elementor-button-text\">SNORKLING &amp; DIVING<\/span>\n\t\t\t\t\t<\/span>\n\t\t\t\t\t<\/a>\n\t\t\t\t<\/div>\n\t\t\t\t\t\t\t\t<\/div>\n\t\t\t\t<\/div>\n\t\t\t\t\t<\/div>\n\t\t<\/div>\n\t\t\t\t\t<\/div>\n\t\t<\/section>\n\t\t\t\t<\/div>","protected":false},"excerpt":{"rendered":"<p>Previous slide Next slide At Baja Serenity, we have so many adventures available right in Cabo Pulmo. You have no need to leave the village to experience all manner of snorkeling, diving, hiking, and so on. And for any guests that want to venture farther afield, we know exactly where to guide you for fishing,&#8230;<\/p>","protected":false},"author":1,"featured_media":0,"parent":0,"menu_order":0,"comment_status":"closed","ping_status":"closed","template":"elementor_header_footer","meta":{"_uf_show_specific_survey":0,"_uf_disable_surveys":false,"_kad_post_transparent":"","_kad_post_title":"hide","_kad_post_layout":"fullwidth","_kad_post_sidebar_id":"","_kad_post_content_style":"unboxed","_kad_post_vertical_padding":"hide","_kad_post_feature":"hide","_kad_post_feature_position":"","_kad_post_header":false,"_kad_post_footer":false,"footnotes":""},"class_list":["post-1052","page","type-page","status-publish","hentry"],"aioseo_notices":[],"yoast_head":"<!-- This site is optimized with the Yoast SEO plugin v27.5 - https:\/\/yoast.com\/product\/yoast-seo-wordpress\/ -->\n<title>Adventures - BAJA SERENITY<\/title>\n<meta name=\"robots\" content=\"index, follow, max-snippet:-1, max-image-preview:large, max-video-preview:-1\" \/>\n<link rel=\"canonical\" href=\"https:\/\/bajaserenity.com\/es\/adventures\/\" \/>\n<meta property=\"og:locale\" content=\"es_MX\" \/>\n<meta property=\"og:type\" content=\"article\" \/>\n<meta property=\"og:title\" content=\"Adventures - BAJA SERENITY\" \/>\n<meta property=\"og:description\" content=\"Previous slide Next slide At Baja Serenity, we have so many adventures available right in Cabo Pulmo. You have no need to leave the village to experience all manner of snorkeling, diving, hiking, and so on. And for any guests that want to venture farther afield, we know exactly where to guide you for fishing,...\" \/>\n<meta property=\"og:url\" content=\"https:\/\/bajaserenity.com\/es\/adventures\/\" \/>\n<meta property=\"og:site_name\" content=\"BAJA SERENITY\" \/>\n<meta property=\"article:publisher\" content=\"https:\/\/www.facebook.com\/BajaSerenity\" \/>\n<meta property=\"article:modified_time\" content=\"2023-05-30T23:49:24+00:00\" \/>\n<meta name=\"twitter:card\" content=\"summary_large_image\" \/>\n<script type=\"application\/ld+json\" class=\"yoast-schema-graph\">{\"@context\":\"https:\\\/\\\/schema.org\",\"@graph\":[{\"@type\":\"WebPage\",\"@id\":\"https:\\\/\\\/bajaserenity.com\\\/adventures\\\/\",\"url\":\"https:\\\/\\\/bajaserenity.com\\\/adventures\\\/\",\"name\":\"Adventures - BAJA SERENITY\",\"isPartOf\":{\"@id\":\"https:\\\/\\\/bajaserenity.com\\\/#website\"},\"datePublished\":\"2023-02-15T22:40:51+00:00\",\"dateModified\":\"2023-05-30T23:49:24+00:00\",\"breadcrumb\":{\"@id\":\"https:\\\/\\\/bajaserenity.com\\\/adventures\\\/#breadcrumb\"},\"inLanguage\":\"es\",\"potentialAction\":[{\"@type\":\"ReadAction\",\"target\":[\"https:\\\/\\\/bajaserenity.com\\\/adventures\\\/\"]}]},{\"@type\":\"BreadcrumbList\",\"@id\":\"https:\\\/\\\/bajaserenity.com\\\/adventures\\\/#breadcrumb\",\"itemListElement\":[{\"@type\":\"ListItem\",\"position\":1,\"name\":\"Home\",\"item\":\"https:\\\/\\\/bajaserenity.com\\\/\"},{\"@type\":\"ListItem\",\"position\":2,\"name\":\"Adventures\"}]},{\"@type\":\"WebSite\",\"@id\":\"https:\\\/\\\/bajaserenity.com\\\/#website\",\"url\":\"https:\\\/\\\/bajaserenity.com\\\/\",\"name\":\"BAJA SERENITY\",\"description\":\"A luxury destination\",\"publisher\":{\"@id\":\"https:\\\/\\\/bajaserenity.com\\\/#organization\"},\"potentialAction\":[{\"@type\":\"SearchAction\",\"target\":{\"@type\":\"EntryPoint\",\"urlTemplate\":\"https:\\\/\\\/bajaserenity.com\\\/?s={search_term_string}\"},\"query-input\":{\"@type\":\"PropertyValueSpecification\",\"valueRequired\":true,\"valueName\":\"search_term_string\"}}],\"inLanguage\":\"es\"},{\"@type\":\"Organization\",\"@id\":\"https:\\\/\\\/bajaserenity.com\\\/#organization\",\"name\":\"BAJA SERENITY\",\"url\":\"https:\\\/\\\/bajaserenity.com\\\/\",\"logo\":{\"@type\":\"ImageObject\",\"inLanguage\":\"es\",\"@id\":\"https:\\\/\\\/bajaserenity.com\\\/#\\\/schema\\\/logo\\\/image\\\/\",\"url\":\"https:\\\/\\\/bajaserenity.com\\\/wp-content\\\/uploads\\\/2024\\\/10\\\/SERENITY-REEF-PROFILE-PIC-68.jpg\",\"contentUrl\":\"https:\\\/\\\/bajaserenity.com\\\/wp-content\\\/uploads\\\/2024\\\/10\\\/SERENITY-REEF-PROFILE-PIC-68.jpg\",\"width\":1667,\"height\":1667,\"caption\":\"BAJA SERENITY\"},\"image\":{\"@id\":\"https:\\\/\\\/bajaserenity.com\\\/#\\\/schema\\\/logo\\\/image\\\/\"},\"sameAs\":[\"https:\\\/\\\/www.facebook.com\\\/BajaSerenity\",\"https:\\\/\\\/www.instagram.com\\\/bajaserenity\"]}]}<\/script>\n<!-- \/ Yoast SEO plugin. -->","yoast_head_json":{"title":"Adventures - BAJA SERENITY","robots":{"index":"index","follow":"follow","max-snippet":"max-snippet:-1","max-image-preview":"max-image-preview:large","max-video-preview":"max-video-preview:-1"},"canonical":"https:\/\/bajaserenity.com\/es\/adventures\/","og_locale":"es_MX","og_type":"article","og_title":"Adventures - BAJA SERENITY","og_description":"Previous slide Next slide At Baja Serenity, we have so many adventures available right in Cabo Pulmo. You have no need to leave the village to experience all manner of snorkeling, diving, hiking, and so on. And for any guests that want to venture farther afield, we know exactly where to guide you for fishing,...","og_url":"https:\/\/bajaserenity.com\/es\/adventures\/","og_site_name":"BAJA SERENITY","article_publisher":"https:\/\/www.facebook.com\/BajaSerenity","article_modified_time":"2023-05-30T23:49:24+00:00","twitter_card":"summary_large_image","schema":{"@context":"https:\/\/schema.org","@graph":[{"@type":"WebPage","@id":"https:\/\/bajaserenity.com\/adventures\/","url":"https:\/\/bajaserenity.com\/adventures\/","name":"Adventures - BAJA SERENITY","isPartOf":{"@id":"https:\/\/bajaserenity.com\/#website"},"datePublished":"2023-02-15T22:40:51+00:00","dateModified":"2023-05-30T23:49:24+00:00","breadcrumb":{"@id":"https:\/\/bajaserenity.com\/adventures\/#breadcrumb"},"inLanguage":"es","potentialAction":[{"@type":"ReadAction","target":["https:\/\/bajaserenity.com\/adventures\/"]}]},{"@type":"BreadcrumbList","@id":"https:\/\/bajaserenity.com\/adventures\/#breadcrumb","itemListElement":[{"@type":"ListItem","position":1,"name":"Home","item":"https:\/\/bajaserenity.com\/"},{"@type":"ListItem","position":2,"name":"Adventures"}]},{"@type":"WebSite","@id":"https:\/\/bajaserenity.com\/#website","url":"https:\/\/bajaserenity.com\/","name":"BAJA SERENITY","description":"A luxury destination","publisher":{"@id":"https:\/\/bajaserenity.com\/#organization"},"potentialAction":[{"@type":"SearchAction","target":{"@type":"EntryPoint","urlTemplate":"https:\/\/bajaserenity.com\/?s={search_term_string}"},"query-input":{"@type":"PropertyValueSpecification","valueRequired":true,"valueName":"search_term_string"}}],"inLanguage":"es"},{"@type":"Organization","@id":"https:\/\/bajaserenity.com\/#organization","name":"BAJA SERENITY","url":"https:\/\/bajaserenity.com\/","logo":{"@type":"ImageObject","inLanguage":"es","@id":"https:\/\/bajaserenity.com\/#\/schema\/logo\/image\/","url":"https:\/\/bajaserenity.com\/wp-content\/uploads\/2024\/10\/SERENITY-REEF-PROFILE-PIC-68.jpg","contentUrl":"https:\/\/bajaserenity.com\/wp-content\/uploads\/2024\/10\/SERENITY-REEF-PROFILE-PIC-68.jpg","width":1667,"height":1667,"caption":"BAJA SERENITY"},"image":{"@id":"https:\/\/bajaserenity.com\/#\/schema\/logo\/image\/"},"sameAs":["https:\/\/www.facebook.com\/BajaSerenity","https:\/\/www.instagram.com\/bajaserenity"]}]}},"_links":{"self":[{"href":"https:\/\/bajaserenity.com\/es\/wp-json\/wp\/v2\/pages\/1052","targetHints":{"allow":["GET"]}}],"collection":[{"href":"https:\/\/bajaserenity.com\/es\/wp-json\/wp\/v2\/pages"}],"about":[{"href":"https:\/\/bajaserenity.com\/es\/wp-json\/wp\/v2\/types\/page"}],"author":[{"embeddable":true,"href":"https:\/\/bajaserenity.com\/es\/wp-json\/wp\/v2\/users\/1"}],"replies":[{"embeddable":true,"href":"https:\/\/bajaserenity.com\/es\/wp-json\/wp\/v2\/comments?post=1052"}],"version-history":[{"count":0,"href":"https:\/\/bajaserenity.com\/es\/wp-json\/wp\/v2\/pages\/1052\/revisions"}],"wp:attachment":[{"href":"https:\/\/bajaserenity.com\/es\/wp-json\/wp\/v2\/media?parent=1052"}],"curies":[{"name":"wp","href":"https:\/\/api.w.org\/{rel}","templated":true}]}}