{"id":1271,"date":"2023-02-16T23:44:43","date_gmt":"2023-02-16T23:44:43","guid":{"rendered":"https:\/\/bajaserenity.com\/?page_id=1271"},"modified":"2023-05-25T22:15:57","modified_gmt":"2023-05-25T22:15:57","slug":"yoga-activities-pavilion","status":"publish","type":"page","link":"https:\/\/bajaserenity.com\/es\/yoga-activities-pavilion\/","title":{"rendered":"PABELLON DE YOGA Y ACTIVIDADES"},"content":{"rendered":"<div data-elementor-type=\"wp-page\" data-elementor-id=\"1271\" class=\"elementor elementor-1271\" data-elementor-post-type=\"page\">\n\t\t\t\t\t\t<section class=\"elementor-section elementor-top-section elementor-element elementor-element-9938982 elementor-section-full_width elementor-section-stretched elementor-section-height-min-height elementor-section-height-default elementor-section-items-middle\" data-id=\"9938982\" data-element_type=\"section\" data-e-type=\"section\" data-settings=\"{&quot;stretch_section&quot;:&quot;section-stretched&quot;}\">\n\t\t\t\t\t\t<div class=\"elementor-container elementor-column-gap-no\">\n\t\t\t\t\t<div class=\"elementor-column elementor-col-100 elementor-top-column elementor-element elementor-element-48bde5f\" data-id=\"48bde5f\" data-element_type=\"column\" data-e-type=\"column\">\n\t\t\t<div class=\"elementor-widget-wrap elementor-element-populated\">\n\t\t\t\t\t\t<div class=\"elementor-element elementor-element-10b61ff elementor--h-position-center elementor--v-position-middle elementor-arrows-position-inside elementor-pagination-position-inside elementor-widget elementor-widget-slides\" data-id=\"10b61ff\" data-element_type=\"widget\" data-e-type=\"widget\" data-settings=\"{&quot;transition&quot;:&quot;fade&quot;,&quot;autoplay_speed&quot;:3000,&quot;transition_speed&quot;:800,&quot;navigation&quot;:&quot;both&quot;,&quot;autoplay&quot;:&quot;yes&quot;,&quot;pause_on_hover&quot;:&quot;yes&quot;,&quot;pause_on_interaction&quot;:&quot;yes&quot;,&quot;infinite&quot;:&quot;yes&quot;}\" data-widget_type=\"slides.default\">\n\t\t\t\t<div class=\"elementor-widget-container\">\n\t\t\t\t\t\t\t\t\t<div class=\"elementor-swiper\">\n\t\t\t\t\t<div class=\"elementor-slides-wrapper elementor-main-swiper swiper\" role=\"region\" aria-roledescription=\"carousel\" aria-label=\"Diapositivas\" dir=\"ltr\" data-animation=\"fadeInUp\">\n\t\t\t\t<div class=\"swiper-wrapper elementor-slides\">\n\t\t\t\t\t\t\t\t\t\t<div class=\"elementor-repeater-item-be83484 swiper-slide\" role=\"group\" aria-roledescription=\"slide\"><div class=\"swiper-slide-bg elementor-ken-burns elementor-ken-burns--in\" role=\"img\" aria-label=\"YOGA-SLIDES-A--(5-24)YOGA_DECK-3-copy\"><\/div><div class=\"swiper-slide-inner\" ><div class=\"swiper-slide-contents\"><\/div><\/div><\/div><div class=\"elementor-repeater-item-67e4548 swiper-slide\" role=\"group\" aria-roledescription=\"slide\"><div class=\"swiper-slide-bg elementor-ken-burns elementor-ken-burns--in\" role=\"img\" aria-label=\"YOGA-SLIDES-B--(5-24)-Yoga-childs-pose-copy-2\"><\/div><div class=\"swiper-slide-inner\" ><div class=\"swiper-slide-contents\"><\/div><\/div><\/div><div class=\"elementor-repeater-item-aeb99aa swiper-slide\" role=\"group\" aria-roledescription=\"slide\"><div class=\"swiper-slide-bg elementor-ken-burns elementor-ken-burns--in\" role=\"img\" aria-label=\"YOGA-SLIDES-C--(5-24)-YOGA_DUO-2-copy\"><\/div><div class=\"swiper-slide-inner\" ><div class=\"swiper-slide-contents\"><\/div><\/div><\/div><div class=\"elementor-repeater-item-2b1d72a swiper-slide\" role=\"group\" aria-roledescription=\"slide\"><div class=\"swiper-slide-bg elementor-ken-burns elementor-ken-burns--in\" role=\"img\" aria-label=\"YOGA-SLIDES-D--(5-24)-YOGA_DECK-7-copy\"><\/div><div class=\"swiper-slide-inner\" ><div class=\"swiper-slide-contents\"><\/div><\/div><\/div>\t\t\t\t<\/div>\n\t\t\t\t\t\t\t\t\t\t\t\t\t\t\t<div class=\"elementor-swiper-button elementor-swiper-button-prev\" role=\"button\" tabindex=\"0\" aria-label=\"Diapositiva anterior\">\n\t\t\t\t\t\t\t<i aria-hidden=\"true\" class=\"eicon-chevron-left\"><\/i>\t\t\t\t\t\t<\/div>\n\t\t\t\t\t\t<div class=\"elementor-swiper-button elementor-swiper-button-next\" role=\"button\" tabindex=\"0\" aria-label=\"Siguiente diapositiva\">\n\t\t\t\t\t\t\t<i aria-hidden=\"true\" class=\"eicon-chevron-right\"><\/i>\t\t\t\t\t\t<\/div>\n\t\t\t\t\t\t\t\t\t\t\t\t\t\t\t\t<div class=\"swiper-pagination\"><\/div>\n\t\t\t\t\t\t\t\t\t\t\t\t<\/div>\n\t\t\t\t<\/div>\n\t\t\t\t\t\t\t\t<\/div>\n\t\t\t\t<\/div>\n\t\t\t\t\t<\/div>\n\t\t<\/div>\n\t\t\t\t\t<\/div>\n\t\t<\/section>\n\t\t\t\t<section class=\"elementor-section elementor-top-section elementor-element elementor-element-51c0668 elementor-section-boxed elementor-section-height-default elementor-section-height-default\" data-id=\"51c0668\" data-element_type=\"section\" data-e-type=\"section\">\n\t\t\t\t\t\t<div class=\"elementor-container elementor-column-gap-default\">\n\t\t\t\t\t<div class=\"elementor-column elementor-col-100 elementor-top-column elementor-element elementor-element-f4fd12a\" data-id=\"f4fd12a\" data-element_type=\"column\" data-e-type=\"column\">\n\t\t\t<div class=\"elementor-widget-wrap elementor-element-populated\">\n\t\t\t\t\t\t<div class=\"elementor-element elementor-element-03955e8 elementor-widget elementor-widget-heading\" data-id=\"03955e8\" data-element_type=\"widget\" data-e-type=\"widget\" data-widget_type=\"heading.default\">\n\t\t\t\t<div class=\"elementor-widget-container\">\n\t\t\t\t\t<h2 class=\"elementor-heading-title elementor-size-default\">PABELLON DE YOGA Y ACTIVIDADES<\/h2>\t\t\t\t<\/div>\n\t\t\t\t<\/div>\n\t\t\t\t<div class=\"elementor-element elementor-element-2d362e1 elementor-widget elementor-widget-text-editor\" data-id=\"2d362e1\" data-element_type=\"widget\" data-e-type=\"widget\" data-widget_type=\"text-editor.default\">\n\t\t\t\t<div class=\"elementor-widget-container\">\n\t\t\t\t\t\t\t\t\t<h3 style=\"font-size: 18px; text-decoration: underline;\">RODEADO DE JARDINES<\/h3><p>Nuestro Pabell\u00f3n de Yoga y Actividades est\u00e1 rodeado por jardines en sus cuatro lados. Al frente, puedes disfrutar de vistas al oc\u00e9ano. En la parte trasera, vistas a las monta\u00f1as. Suaves brisas atraviesan el espacio para acariciar y reconfortar. El lugar puede recibir hasta 40 estudiantes, pero resulta igualmente relajante y acogedor para grupos peque\u00f1os. A menudo encontramos a un practicante individual explorando una pr\u00e1ctica improvisada all\u00ed, o a una pareja disfrutando yoga en pareja.<\/p><h3 style=\"font-size: 18px; text-decoration: underline;\">BODAS Y M\u00c1S<\/h3><p>Cuando no hay un retiro de yoga reservado en la propiedad, el Pabell\u00f3n de Yoga y Actividades puede utilizarse como sal\u00f3n para recepciones de boda, estudio de tai chi o espacio para conferencias. (Frecuentemente organizamos charlas sobre conservaci\u00f3n y sostenibilidad en la propiedad).<\/p>\t\t\t\t\t\t\t\t<\/div>\n\t\t\t\t<\/div>\n\t\t\t\t<div class=\"elementor-element elementor-element-465c1e2 elementor-widget elementor-widget-gallery\" data-id=\"465c1e2\" data-element_type=\"widget\" data-e-type=\"widget\" data-settings=\"{&quot;gallery_layout&quot;:&quot;masonry&quot;,&quot;columns&quot;:2,&quot;lazyload&quot;:&quot;yes&quot;,&quot;columns_tablet&quot;:2,&quot;columns_mobile&quot;:1,&quot;gap&quot;:{&quot;unit&quot;:&quot;px&quot;,&quot;size&quot;:10,&quot;sizes&quot;:[]},&quot;gap_tablet&quot;:{&quot;unit&quot;:&quot;px&quot;,&quot;size&quot;:10,&quot;sizes&quot;:[]},&quot;gap_mobile&quot;:{&quot;unit&quot;:&quot;px&quot;,&quot;size&quot;:10,&quot;sizes&quot;:[]},&quot;link_to&quot;:&quot;file&quot;,&quot;overlay_background&quot;:&quot;yes&quot;,&quot;content_hover_animation&quot;:&quot;fade-in&quot;}\" data-widget_type=\"gallery.default\">\n\t\t\t\t<div class=\"elementor-widget-container\">\n\t\t\t\t\t\t\t<div class=\"elementor-gallery__container\">\n\t\t\t\t\t\t\t<a class=\"e-gallery-item elementor-gallery-item elementor-animated-content\" href=\"https:\/\/bajaserenity.com\/wp-content\/uploads\/2023\/05\/YOGA-CLUSTER-Z1-5-24-YOGA_DECK-9-copy.jpg\" data-elementor-open-lightbox=\"yes\" data-elementor-lightbox-slideshow=\"465c1e2\" data-elementor-lightbox-title=\"YOGA-CLUSTER-Z1--(5-24)-YOGA_DECK-9-copy\" data-e-action-hash=\"#elementor-action%3Aaction%3Dlightbox%26settings%3DeyJpZCI6MjUxNiwidXJsIjoiaHR0cHM6XC9cL2JhamFzZXJlbml0eS5jb21cL3dwLWNvbnRlbnRcL3VwbG9hZHNcLzIwMjNcLzA1XC9ZT0dBLUNMVVNURVItWjEtNS0yNC1ZT0dBX0RFQ0stOS1jb3B5LmpwZyIsInNsaWRlc2hvdyI6IjQ2NWMxZTIifQ%3D%3D\">\n\t\t\t\t\t<div class=\"e-gallery-image elementor-gallery-item__image\" data-thumbnail=\"https:\/\/bajaserenity.com\/wp-content\/uploads\/2023\/05\/YOGA-CLUSTER-Z1-5-24-YOGA_DECK-9-copy.jpg\" data-width=\"1000\" data-height=\"1205\" aria-label=\"\" role=\"img\" ><\/div>\n\t\t\t\t\t\t\t\t\t\t\t<div class=\"elementor-gallery-item__overlay\"><\/div>\n\t\t\t\t\t\t\t\t\t\t\t\t\t\t<\/a>\n\t\t\t\t\t\t\t<a class=\"e-gallery-item elementor-gallery-item elementor-animated-content\" href=\"https:\/\/bajaserenity.com\/wp-content\/uploads\/2023\/05\/YOGA-CLUSTER-Z2-5-24-Yoga-childs-pose-copy.jpg\" data-elementor-open-lightbox=\"yes\" data-elementor-lightbox-slideshow=\"465c1e2\" data-elementor-lightbox-title=\"YOGA-CLUSTER-Z2--(5-24)-Yoga-childs-pose-copy\" data-e-action-hash=\"#elementor-action%3Aaction%3Dlightbox%26settings%3DeyJpZCI6MjUxNywidXJsIjoiaHR0cHM6XC9cL2JhamFzZXJlbml0eS5jb21cL3dwLWNvbnRlbnRcL3VwbG9hZHNcLzIwMjNcLzA1XC9ZT0dBLUNMVVNURVItWjItNS0yNC1Zb2dhLWNoaWxkcy1wb3NlLWNvcHkuanBnIiwic2xpZGVzaG93IjoiNDY1YzFlMiJ9\">\n\t\t\t\t\t<div class=\"e-gallery-image elementor-gallery-item__image\" data-thumbnail=\"https:\/\/bajaserenity.com\/wp-content\/uploads\/2023\/05\/YOGA-CLUSTER-Z2-5-24-Yoga-childs-pose-copy.jpg\" data-width=\"1000\" data-height=\"669\" aria-label=\"\" role=\"img\" ><\/div>\n\t\t\t\t\t\t\t\t\t\t\t<div class=\"elementor-gallery-item__overlay\"><\/div>\n\t\t\t\t\t\t\t\t\t\t\t\t\t\t<\/a>\n\t\t\t\t\t\t\t<a class=\"e-gallery-item elementor-gallery-item elementor-animated-content\" href=\"https:\/\/bajaserenity.com\/wp-content\/uploads\/2023\/05\/YOGA-CLUSTER-Z3-SILHOUETTE-2-copy-2.jpg\" data-elementor-open-lightbox=\"yes\" data-elementor-lightbox-slideshow=\"465c1e2\" data-elementor-lightbox-title=\"YOGA-CLUSTER-Z3--SILHOUETTE-2-copy-2\" data-e-action-hash=\"#elementor-action%3Aaction%3Dlightbox%26settings%3DeyJpZCI6MjUxOCwidXJsIjoiaHR0cHM6XC9cL2JhamFzZXJlbml0eS5jb21cL3dwLWNvbnRlbnRcL3VwbG9hZHNcLzIwMjNcLzA1XC9ZT0dBLUNMVVNURVItWjMtU0lMSE9VRVRURS0yLWNvcHktMi5qcGciLCJzbGlkZXNob3ciOiI0NjVjMWUyIn0%3D\">\n\t\t\t\t\t<div class=\"e-gallery-image elementor-gallery-item__image\" data-thumbnail=\"https:\/\/bajaserenity.com\/wp-content\/uploads\/2023\/05\/YOGA-CLUSTER-Z3-SILHOUETTE-2-copy-2.jpg\" data-width=\"876\" data-height=\"1327\" aria-label=\"\" role=\"img\" ><\/div>\n\t\t\t\t\t\t\t\t\t\t\t<div class=\"elementor-gallery-item__overlay\"><\/div>\n\t\t\t\t\t\t\t\t\t\t\t\t\t\t<\/a>\n\t\t\t\t\t\t\t<a class=\"e-gallery-item elementor-gallery-item elementor-animated-content\" href=\"https:\/\/bajaserenity.com\/wp-content\/uploads\/2023\/05\/YOGA-CLUSTER-Z4-5-24-x20000101-IMG_7000.jpg\" data-elementor-open-lightbox=\"yes\" data-elementor-lightbox-slideshow=\"465c1e2\" data-elementor-lightbox-title=\"YOGA-CLUSTER-Z4--(5-24)-x20000101-IMG_7000\" data-e-action-hash=\"#elementor-action%3Aaction%3Dlightbox%26settings%3DeyJpZCI6MjUxOSwidXJsIjoiaHR0cHM6XC9cL2JhamFzZXJlbml0eS5jb21cL3dwLWNvbnRlbnRcL3VwbG9hZHNcLzIwMjNcLzA1XC9ZT0dBLUNMVVNURVItWjQtNS0yNC14MjAwMDAxMDEtSU1HXzcwMDAuanBnIiwic2xpZGVzaG93IjoiNDY1YzFlMiJ9\">\n\t\t\t\t\t<div class=\"e-gallery-image elementor-gallery-item__image\" data-thumbnail=\"https:\/\/bajaserenity.com\/wp-content\/uploads\/2023\/05\/YOGA-CLUSTER-Z4-5-24-x20000101-IMG_7000.jpg\" data-width=\"1000\" data-height=\"836\" aria-label=\"\" role=\"img\" ><\/div>\n\t\t\t\t\t\t\t\t\t\t\t<div class=\"elementor-gallery-item__overlay\"><\/div>\n\t\t\t\t\t\t\t\t\t\t\t\t\t\t<\/a>\n\t\t\t\t\t<\/div>\n\t\t\t\t\t<\/div>\n\t\t\t\t<\/div>\n\t\t\t\t<div class=\"elementor-element elementor-element-b9f63b5 elementor-align-center elementor-widget elementor-widget-button\" data-id=\"b9f63b5\" data-element_type=\"widget\" data-e-type=\"widget\" data-widget_type=\"button.default\">\n\t\t\t\t<div class=\"elementor-widget-container\">\n\t\t\t\t\t\t\t\t\t<div class=\"elementor-button-wrapper\">\n\t\t\t\t\t<a class=\"elementor-button elementor-button-link elementor-size-sm\" href=\"https:\/\/bajaserenity.com\/es\/meditation-garden\/\">\n\t\t\t\t\t\t<span class=\"elementor-button-content-wrapper\">\n\t\t\t\t\t\t\t\t\t<span class=\"elementor-button-text\">JARDIN DE MEDITACION<\/span>\n\t\t\t\t\t<\/span>\n\t\t\t\t\t<\/a>\n\t\t\t\t<\/div>\n\t\t\t\t\t\t\t\t<\/div>\n\t\t\t\t<\/div>\n\t\t\t\t\t<\/div>\n\t\t<\/div>\n\t\t\t\t\t<\/div>\n\t\t<\/section>\n\t\t\t\t<\/div>","protected":false},"excerpt":{"rendered":"<p>Previous slide Next slide SURROUNDED BY GARDENS Our Yoga and Activities Pavilion is surrounded on four sides by gardens. To the front, you can enjoy views of the ocean. To the rear, views of the mountains. Gentle breezes waft through to caress and soothe. The space can accommodate as many as 40 students, but it\u2019s&#8230;<\/p>","protected":false},"author":1,"featured_media":0,"parent":0,"menu_order":0,"comment_status":"closed","ping_status":"closed","template":"elementor_header_footer","meta":{"_uf_show_specific_survey":0,"_uf_disable_surveys":false,"_kad_post_transparent":"","_kad_post_title":"hide","_kad_post_layout":"fullwidth","_kad_post_sidebar_id":"","_kad_post_content_style":"unboxed","_kad_post_vertical_padding":"hide","_kad_post_feature":"hide","_kad_post_feature_position":"","_kad_post_header":false,"_kad_post_footer":false,"footnotes":""},"class_list":["post-1271","page","type-page","status-publish","hentry"],"aioseo_notices":[],"yoast_head":"<!-- This site is optimized with the Yoast SEO plugin v27.3 - https:\/\/yoast.com\/product\/yoast-seo-wordpress\/ -->\n<title>YOGA &amp; ACTIVITIES PAVILION - BAJA SERENITY<\/title>\n<meta name=\"robots\" content=\"index, follow, max-snippet:-1, max-image-preview:large, max-video-preview:-1\" \/>\n<link rel=\"canonical\" href=\"https:\/\/bajaserenity.com\/es\/yoga-activities-pavilion\/\" \/>\n<meta property=\"og:locale\" content=\"es_MX\" \/>\n<meta property=\"og:type\" content=\"article\" \/>\n<meta property=\"og:title\" content=\"YOGA &amp; ACTIVITIES PAVILION - BAJA SERENITY\" \/>\n<meta property=\"og:description\" content=\"Previous slide Next slide SURROUNDED BY GARDENS Our Yoga and Activities Pavilion is surrounded on four sides by gardens. To the front, you can enjoy views of the ocean. To the rear, views of the mountains. Gentle breezes waft through to caress and soothe. The space can accommodate as many as 40 students, but it\u2019s...\" \/>\n<meta property=\"og:url\" content=\"https:\/\/bajaserenity.com\/es\/yoga-activities-pavilion\/\" \/>\n<meta property=\"og:site_name\" content=\"BAJA SERENITY\" \/>\n<meta property=\"article:publisher\" content=\"https:\/\/www.facebook.com\/BajaSerenity\" \/>\n<meta property=\"article:modified_time\" content=\"2023-05-25T22:15:57+00:00\" \/>\n<meta name=\"twitter:card\" content=\"summary_large_image\" \/>\n<meta name=\"twitter:label1\" content=\"Est. reading time\" \/>\n\t<meta name=\"twitter:data1\" content=\"1 minuto\" \/>\n<script type=\"application\/ld+json\" class=\"yoast-schema-graph\">{\"@context\":\"https:\\\/\\\/schema.org\",\"@graph\":[{\"@type\":\"WebPage\",\"@id\":\"https:\\\/\\\/bajaserenity.com\\\/yoga-activities-pavilion\\\/\",\"url\":\"https:\\\/\\\/bajaserenity.com\\\/yoga-activities-pavilion\\\/\",\"name\":\"YOGA &amp; ACTIVITIES PAVILION - BAJA SERENITY\",\"isPartOf\":{\"@id\":\"https:\\\/\\\/bajaserenity.com\\\/#website\"},\"datePublished\":\"2023-02-16T23:44:43+00:00\",\"dateModified\":\"2023-05-25T22:15:57+00:00\",\"breadcrumb\":{\"@id\":\"https:\\\/\\\/bajaserenity.com\\\/yoga-activities-pavilion\\\/#breadcrumb\"},\"inLanguage\":\"es\",\"potentialAction\":[{\"@type\":\"ReadAction\",\"target\":[\"https:\\\/\\\/bajaserenity.com\\\/yoga-activities-pavilion\\\/\"]}]},{\"@type\":\"BreadcrumbList\",\"@id\":\"https:\\\/\\\/bajaserenity.com\\\/yoga-activities-pavilion\\\/#breadcrumb\",\"itemListElement\":[{\"@type\":\"ListItem\",\"position\":1,\"name\":\"Home\",\"item\":\"https:\\\/\\\/bajaserenity.com\\\/\"},{\"@type\":\"ListItem\",\"position\":2,\"name\":\"YOGA &amp; ACTIVITIES PAVILION\"}]},{\"@type\":\"WebSite\",\"@id\":\"https:\\\/\\\/bajaserenity.com\\\/#website\",\"url\":\"https:\\\/\\\/bajaserenity.com\\\/\",\"name\":\"BAJA SERENITY\",\"description\":\"A luxury destination\",\"publisher\":{\"@id\":\"https:\\\/\\\/bajaserenity.com\\\/#organization\"},\"potentialAction\":[{\"@type\":\"SearchAction\",\"target\":{\"@type\":\"EntryPoint\",\"urlTemplate\":\"https:\\\/\\\/bajaserenity.com\\\/?s={search_term_string}\"},\"query-input\":{\"@type\":\"PropertyValueSpecification\",\"valueRequired\":true,\"valueName\":\"search_term_string\"}}],\"inLanguage\":\"es\"},{\"@type\":\"Organization\",\"@id\":\"https:\\\/\\\/bajaserenity.com\\\/#organization\",\"name\":\"BAJA SERENITY\",\"url\":\"https:\\\/\\\/bajaserenity.com\\\/\",\"logo\":{\"@type\":\"ImageObject\",\"inLanguage\":\"es\",\"@id\":\"https:\\\/\\\/bajaserenity.com\\\/#\\\/schema\\\/logo\\\/image\\\/\",\"url\":\"https:\\\/\\\/bajaserenity.com\\\/wp-content\\\/uploads\\\/2024\\\/10\\\/SERENITY-REEF-PROFILE-PIC-68.jpg\",\"contentUrl\":\"https:\\\/\\\/bajaserenity.com\\\/wp-content\\\/uploads\\\/2024\\\/10\\\/SERENITY-REEF-PROFILE-PIC-68.jpg\",\"width\":1667,\"height\":1667,\"caption\":\"BAJA SERENITY\"},\"image\":{\"@id\":\"https:\\\/\\\/bajaserenity.com\\\/#\\\/schema\\\/logo\\\/image\\\/\"},\"sameAs\":[\"https:\\\/\\\/www.facebook.com\\\/BajaSerenity\",\"https:\\\/\\\/www.instagram.com\\\/bajaserenity\"]}]}<\/script>\n<!-- \/ Yoast SEO plugin. -->","yoast_head_json":{"title":"YOGA &amp; ACTIVITIES PAVILION - BAJA SERENITY","robots":{"index":"index","follow":"follow","max-snippet":"max-snippet:-1","max-image-preview":"max-image-preview:large","max-video-preview":"max-video-preview:-1"},"canonical":"https:\/\/bajaserenity.com\/es\/yoga-activities-pavilion\/","og_locale":"es_MX","og_type":"article","og_title":"YOGA &amp; ACTIVITIES PAVILION - BAJA SERENITY","og_description":"Previous slide Next slide SURROUNDED BY GARDENS Our Yoga and Activities Pavilion is surrounded on four sides by gardens. To the front, you can enjoy views of the ocean. To the rear, views of the mountains. Gentle breezes waft through to caress and soothe. The space can accommodate as many as 40 students, but it\u2019s...","og_url":"https:\/\/bajaserenity.com\/es\/yoga-activities-pavilion\/","og_site_name":"BAJA SERENITY","article_publisher":"https:\/\/www.facebook.com\/BajaSerenity","article_modified_time":"2023-05-25T22:15:57+00:00","twitter_card":"summary_large_image","twitter_misc":{"Est. reading time":"1 minuto"},"schema":{"@context":"https:\/\/schema.org","@graph":[{"@type":"WebPage","@id":"https:\/\/bajaserenity.com\/yoga-activities-pavilion\/","url":"https:\/\/bajaserenity.com\/yoga-activities-pavilion\/","name":"YOGA &amp; ACTIVITIES PAVILION - BAJA SERENITY","isPartOf":{"@id":"https:\/\/bajaserenity.com\/#website"},"datePublished":"2023-02-16T23:44:43+00:00","dateModified":"2023-05-25T22:15:57+00:00","breadcrumb":{"@id":"https:\/\/bajaserenity.com\/yoga-activities-pavilion\/#breadcrumb"},"inLanguage":"es","potentialAction":[{"@type":"ReadAction","target":["https:\/\/bajaserenity.com\/yoga-activities-pavilion\/"]}]},{"@type":"BreadcrumbList","@id":"https:\/\/bajaserenity.com\/yoga-activities-pavilion\/#breadcrumb","itemListElement":[{"@type":"ListItem","position":1,"name":"Home","item":"https:\/\/bajaserenity.com\/"},{"@type":"ListItem","position":2,"name":"YOGA &amp; ACTIVITIES PAVILION"}]},{"@type":"WebSite","@id":"https:\/\/bajaserenity.com\/#website","url":"https:\/\/bajaserenity.com\/","name":"BAJA SERENITY","description":"A luxury destination","publisher":{"@id":"https:\/\/bajaserenity.com\/#organization"},"potentialAction":[{"@type":"SearchAction","target":{"@type":"EntryPoint","urlTemplate":"https:\/\/bajaserenity.com\/?s={search_term_string}"},"query-input":{"@type":"PropertyValueSpecification","valueRequired":true,"valueName":"search_term_string"}}],"inLanguage":"es"},{"@type":"Organization","@id":"https:\/\/bajaserenity.com\/#organization","name":"BAJA SERENITY","url":"https:\/\/bajaserenity.com\/","logo":{"@type":"ImageObject","inLanguage":"es","@id":"https:\/\/bajaserenity.com\/#\/schema\/logo\/image\/","url":"https:\/\/bajaserenity.com\/wp-content\/uploads\/2024\/10\/SERENITY-REEF-PROFILE-PIC-68.jpg","contentUrl":"https:\/\/bajaserenity.com\/wp-content\/uploads\/2024\/10\/SERENITY-REEF-PROFILE-PIC-68.jpg","width":1667,"height":1667,"caption":"BAJA SERENITY"},"image":{"@id":"https:\/\/bajaserenity.com\/#\/schema\/logo\/image\/"},"sameAs":["https:\/\/www.facebook.com\/BajaSerenity","https:\/\/www.instagram.com\/bajaserenity"]}]}},"_links":{"self":[{"href":"https:\/\/bajaserenity.com\/es\/wp-json\/wp\/v2\/pages\/1271","targetHints":{"allow":["GET"]}}],"collection":[{"href":"https:\/\/bajaserenity.com\/es\/wp-json\/wp\/v2\/pages"}],"about":[{"href":"https:\/\/bajaserenity.com\/es\/wp-json\/wp\/v2\/types\/page"}],"author":[{"embeddable":true,"href":"https:\/\/bajaserenity.com\/es\/wp-json\/wp\/v2\/users\/1"}],"replies":[{"embeddable":true,"href":"https:\/\/bajaserenity.com\/es\/wp-json\/wp\/v2\/comments?post=1271"}],"version-history":[{"count":0,"href":"https:\/\/bajaserenity.com\/es\/wp-json\/wp\/v2\/pages\/1271\/revisions"}],"wp:attachment":[{"href":"https:\/\/bajaserenity.com\/es\/wp-json\/wp\/v2\/media?parent=1271"}],"curies":[{"name":"wp","href":"https:\/\/api.w.org\/{rel}","templated":true}]}}