{"id":1848,"date":"2023-02-28T20:31:48","date_gmt":"2023-02-28T20:31:48","guid":{"rendered":"https:\/\/bajaserenity.com\/?page_id=1848"},"modified":"2023-09-18T16:47:13","modified_gmt":"2023-09-18T16:47:13","slug":"stargazing","status":"publish","type":"page","link":"https:\/\/bajaserenity.com\/es\/adventures\/stargazing\/","title":{"rendered":"Observaci\u00f3n de estrellas"},"content":{"rendered":"<div data-elementor-type=\"wp-page\" data-elementor-id=\"1848\" class=\"elementor elementor-1848\" data-elementor-post-type=\"page\">\n\t\t\t\t\t\t<section class=\"elementor-section elementor-top-section elementor-element elementor-element-ddb7a7c elementor-section-full_width elementor-section-stretched elementor-section-height-default elementor-section-height-default\" data-id=\"ddb7a7c\" data-element_type=\"section\" data-e-type=\"section\" data-settings=\"{&quot;stretch_section&quot;:&quot;section-stretched&quot;}\">\n\t\t\t\t\t\t<div class=\"elementor-container elementor-column-gap-no\">\n\t\t\t\t\t<div class=\"elementor-column elementor-col-100 elementor-top-column elementor-element elementor-element-fb66392\" data-id=\"fb66392\" data-element_type=\"column\" data-e-type=\"column\">\n\t\t\t<div class=\"elementor-widget-wrap elementor-element-populated\">\n\t\t\t\t\t\t<div class=\"elementor-element elementor-element-8e796b5 elementor--h-position-center elementor--v-position-middle elementor-arrows-position-inside elementor-pagination-position-inside elementor-widget elementor-widget-slides\" data-id=\"8e796b5\" data-element_type=\"widget\" data-e-type=\"widget\" data-settings=\"{&quot;transition&quot;:&quot;fade&quot;,&quot;autoplay_speed&quot;:3000,&quot;transition_speed&quot;:1000,&quot;navigation&quot;:&quot;both&quot;,&quot;autoplay&quot;:&quot;yes&quot;,&quot;pause_on_hover&quot;:&quot;yes&quot;,&quot;pause_on_interaction&quot;:&quot;yes&quot;,&quot;infinite&quot;:&quot;yes&quot;}\" data-widget_type=\"slides.default\">\n\t\t\t\t<div class=\"elementor-widget-container\">\n\t\t\t\t\t\t\t\t\t<div class=\"elementor-swiper\">\n\t\t\t\t\t<div class=\"elementor-slides-wrapper elementor-main-swiper swiper\" role=\"region\" aria-roledescription=\"carousel\" aria-label=\"Diapositivas\" dir=\"ltr\" data-animation=\"fadeInUp\">\n\t\t\t\t<div class=\"swiper-wrapper elementor-slides\">\n\t\t\t\t\t\t\t\t\t\t<div class=\"elementor-repeater-item-03adaea swiper-slide\" role=\"group\" aria-roledescription=\"slide\"><div class=\"swiper-slide-bg elementor-ken-burns elementor-ken-burns--in\" role=\"img\" aria-label=\"STARGAZING-HEADER\"><\/div><div class=\"swiper-slide-inner\" ><div class=\"swiper-slide-contents\"><\/div><\/div><\/div>\t\t\t\t<\/div>\n\t\t\t\t\t\t\t<\/div>\n\t\t\t\t<\/div>\n\t\t\t\t\t\t\t\t<\/div>\n\t\t\t\t<\/div>\n\t\t\t\t\t<\/div>\n\t\t<\/div>\n\t\t\t\t\t<\/div>\n\t\t<\/section>\n\t\t\t\t<section class=\"elementor-section elementor-top-section elementor-element elementor-element-08bfe79 elementor-section-boxed elementor-section-height-default elementor-section-height-default\" data-id=\"08bfe79\" data-element_type=\"section\" data-e-type=\"section\">\n\t\t\t\t\t\t<div class=\"elementor-container elementor-column-gap-default\">\n\t\t\t\t\t<div class=\"elementor-column elementor-col-100 elementor-top-column elementor-element elementor-element-6265f64\" data-id=\"6265f64\" data-element_type=\"column\" data-e-type=\"column\">\n\t\t\t<div class=\"elementor-widget-wrap elementor-element-populated\">\n\t\t\t\t\t\t<div class=\"elementor-element elementor-element-ddf92f6 elementor-widget elementor-widget-heading\" data-id=\"ddf92f6\" data-element_type=\"widget\" data-e-type=\"widget\" data-widget_type=\"heading.default\">\n\t\t\t\t<div class=\"elementor-widget-container\">\n\t\t\t\t\t<h2 class=\"elementor-heading-title elementor-size-default\">Observaci\u00f3n de estrellas<\/h2>\t\t\t\t<\/div>\n\t\t\t\t<\/div>\n\t\t\t\t<div class=\"elementor-element elementor-element-67ea4db elementor-widget-divider--view-line elementor-widget elementor-widget-divider\" data-id=\"67ea4db\" data-element_type=\"widget\" data-e-type=\"widget\" data-widget_type=\"divider.default\">\n\t\t\t\t<div class=\"elementor-widget-container\">\n\t\t\t\t\t\t\t<div class=\"elementor-divider\">\n\t\t\t<span class=\"elementor-divider-separator\">\n\t\t\t\t\t\t<\/span>\n\t\t<\/div>\n\t\t\t\t\t\t<\/div>\n\t\t\t\t<\/div>\n\t\t\t\t<div class=\"elementor-element elementor-element-0f6a056 elementor-widget elementor-widget-text-editor\" data-id=\"0f6a056\" data-element_type=\"widget\" data-e-type=\"widget\" data-widget_type=\"text-editor.default\">\n\t\t\t\t<div class=\"elementor-widget-container\">\n\t\t\t\t\t\t\t\t\t<p>Aunque Cabo Pulmo y Baja Serenity no son oficialmente una Reserva Internacional de Cielo Oscuro, son lo m\u00e1s cercano a ello.\nObservar la salida de la luna sobre el mar es un espect\u00e1culo especial. Los hu\u00e9spedes no pueden creer lo grande que se ve ni lo brillante que se refleja en el agua. Las noches de luna llena iluminan el desierto de tal manera que uno podr\u00eda hacer senderismo solo bajo la luz lunar.\n\nEn las noches sin luna, las estrellas brillan con tanta intensidad que podr\u00edas sentir que puedes alcanzar una. Los planetas aparecen primero, marcando la trayectoria zodiacal de este a oeste. Luego emergen las constelaciones, formando patrones como peque\u00f1as gemas brillando en cada matiz.\nFinalmente, la V\u00eda L\u00e1ctea aparece, nuestro hogar gal\u00e1ctico, extendi\u00e9ndose de horizonte a horizonte y deslumbr\u00e1ndonos con su variedad de nubes, gases y sistemas solares incontables.\n\nConsidera traer binoculares y una aplicaci\u00f3n para observar estrellas; llenar\u00e1s varias noches mirando hacia el cielo.<\/p>\t\t\t\t\t\t\t\t<\/div>\n\t\t\t\t<\/div>\n\t\t\t\t<div class=\"elementor-element elementor-element-00b37b4 elementor-widget elementor-widget-gallery\" data-id=\"00b37b4\" data-element_type=\"widget\" data-e-type=\"widget\" data-settings=\"{&quot;gallery_layout&quot;:&quot;masonry&quot;,&quot;columns&quot;:2,&quot;lazyload&quot;:&quot;yes&quot;,&quot;columns_tablet&quot;:2,&quot;columns_mobile&quot;:1,&quot;gap&quot;:{&quot;unit&quot;:&quot;px&quot;,&quot;size&quot;:10,&quot;sizes&quot;:[]},&quot;gap_tablet&quot;:{&quot;unit&quot;:&quot;px&quot;,&quot;size&quot;:10,&quot;sizes&quot;:[]},&quot;gap_mobile&quot;:{&quot;unit&quot;:&quot;px&quot;,&quot;size&quot;:10,&quot;sizes&quot;:[]},&quot;link_to&quot;:&quot;file&quot;,&quot;overlay_background&quot;:&quot;yes&quot;,&quot;content_hover_animation&quot;:&quot;fade-in&quot;}\" data-widget_type=\"gallery.default\">\n\t\t\t\t<div class=\"elementor-widget-container\">\n\t\t\t\t\t\t\t<div class=\"elementor-gallery__container\">\n\t\t\t\t\t\t\t<a class=\"e-gallery-item elementor-gallery-item elementor-animated-content\" href=\"https:\/\/bajaserenity.com\/wp-content\/uploads\/2023\/02\/STARGAZING-HEADER.jpg\" data-elementor-open-lightbox=\"yes\" data-elementor-lightbox-slideshow=\"00b37b4\" data-elementor-lightbox-title=\"STARGAZING-HEADER\" data-e-action-hash=\"#elementor-action%3Aaction%3Dlightbox%26settings%3DeyJpZCI6MTg1MCwidXJsIjoiaHR0cHM6XC9cL2JhamFzZXJlbml0eS5jb21cL3dwLWNvbnRlbnRcL3VwbG9hZHNcLzIwMjNcLzAyXC9TVEFSR0FaSU5HLUhFQURFUi5qcGciLCJzbGlkZXNob3ciOiIwMGIzN2I0In0%3D\">\n\t\t\t\t\t<div class=\"e-gallery-image elementor-gallery-item__image\" data-thumbnail=\"https:\/\/bajaserenity.com\/wp-content\/uploads\/2023\/02\/STARGAZING-HEADER.jpg\" data-width=\"2000\" data-height=\"1333\" aria-label=\"\" role=\"img\" ><\/div>\n\t\t\t\t\t\t\t\t\t\t\t<div class=\"elementor-gallery-item__overlay\"><\/div>\n\t\t\t\t\t\t\t\t\t\t\t\t\t\t<\/a>\n\t\t\t\t\t\t\t<a class=\"e-gallery-item elementor-gallery-item elementor-animated-content\" href=\"https:\/\/bajaserenity.com\/wp-content\/uploads\/2023\/02\/STARGAZING-Moonrise-copy.jpg\" data-elementor-open-lightbox=\"yes\" data-elementor-lightbox-slideshow=\"00b37b4\" data-elementor-lightbox-title=\"STARGAZING-Moonrise copy\" data-e-action-hash=\"#elementor-action%3Aaction%3Dlightbox%26settings%3DeyJpZCI6MTg1MSwidXJsIjoiaHR0cHM6XC9cL2JhamFzZXJlbml0eS5jb21cL3dwLWNvbnRlbnRcL3VwbG9hZHNcLzIwMjNcLzAyXC9TVEFSR0FaSU5HLU1vb25yaXNlLWNvcHkuanBnIiwic2xpZGVzaG93IjoiMDBiMzdiNCJ9\">\n\t\t\t\t\t<div class=\"e-gallery-image elementor-gallery-item__image\" data-thumbnail=\"https:\/\/bajaserenity.com\/wp-content\/uploads\/2023\/02\/STARGAZING-Moonrise-copy.jpg\" data-width=\"1000\" data-height=\"1333\" aria-label=\"\" role=\"img\" ><\/div>\n\t\t\t\t\t\t\t\t\t\t\t<div class=\"elementor-gallery-item__overlay\"><\/div>\n\t\t\t\t\t\t\t\t\t\t\t\t\t\t<\/a>\n\t\t\t\t\t\t\t<a class=\"e-gallery-item elementor-gallery-item elementor-animated-content\" href=\"https:\/\/bajaserenity.com\/wp-content\/uploads\/2023\/02\/STARGAZING-Moonrise-with-Venus-2-copy.jpg\" data-elementor-open-lightbox=\"yes\" data-elementor-lightbox-slideshow=\"00b37b4\" data-elementor-lightbox-title=\"STARGAZING-Moonrise with Venus 2 copy\" data-e-action-hash=\"#elementor-action%3Aaction%3Dlightbox%26settings%3DeyJpZCI6MTg1MiwidXJsIjoiaHR0cHM6XC9cL2JhamFzZXJlbml0eS5jb21cL3dwLWNvbnRlbnRcL3VwbG9hZHNcLzIwMjNcLzAyXC9TVEFSR0FaSU5HLU1vb25yaXNlLXdpdGgtVmVudXMtMi1jb3B5LmpwZyIsInNsaWRlc2hvdyI6IjAwYjM3YjQifQ%3D%3D\">\n\t\t\t\t\t<div class=\"e-gallery-image elementor-gallery-item__image\" data-thumbnail=\"https:\/\/bajaserenity.com\/wp-content\/uploads\/2023\/02\/STARGAZING-Moonrise-with-Venus-2-copy.jpg\" data-width=\"1000\" data-height=\"1333\" aria-label=\"\" role=\"img\" ><\/div>\n\t\t\t\t\t\t\t\t\t\t\t<div class=\"elementor-gallery-item__overlay\"><\/div>\n\t\t\t\t\t\t\t\t\t\t\t\t\t\t<\/a>\n\t\t\t\t\t\t\t<a class=\"e-gallery-item elementor-gallery-item elementor-animated-content\" href=\"https:\/\/bajaserenity.com\/wp-content\/uploads\/2023\/02\/STARGAZING-Star-Gazing-2-copy.jpg\" data-elementor-open-lightbox=\"yes\" data-elementor-lightbox-slideshow=\"00b37b4\" data-elementor-lightbox-title=\"STARGAZING-Star Gazing -- 2 copy\" data-e-action-hash=\"#elementor-action%3Aaction%3Dlightbox%26settings%3DeyJpZCI6MTg1MywidXJsIjoiaHR0cHM6XC9cL2JhamFzZXJlbml0eS5jb21cL3dwLWNvbnRlbnRcL3VwbG9hZHNcLzIwMjNcLzAyXC9TVEFSR0FaSU5HLVN0YXItR2F6aW5nLTItY29weS5qcGciLCJzbGlkZXNob3ciOiIwMGIzN2I0In0%3D\">\n\t\t\t\t\t<div class=\"e-gallery-image elementor-gallery-item__image\" data-thumbnail=\"https:\/\/bajaserenity.com\/wp-content\/uploads\/2023\/02\/STARGAZING-Star-Gazing-2-copy.jpg\" data-width=\"1000\" data-height=\"1333\" aria-label=\"\" role=\"img\" ><\/div>\n\t\t\t\t\t\t\t\t\t\t\t<div class=\"elementor-gallery-item__overlay\"><\/div>\n\t\t\t\t\t\t\t\t\t\t\t\t\t\t<\/a>\n\t\t\t\t\t\t\t<a class=\"e-gallery-item elementor-gallery-item elementor-animated-content\" href=\"https:\/\/bajaserenity.com\/wp-content\/uploads\/2023\/02\/STARGAZING-Twinkle-4-copy.jpeg\" data-elementor-open-lightbox=\"yes\" data-elementor-lightbox-slideshow=\"00b37b4\" data-elementor-lightbox-title=\"STARGAZING-Twinkle 4--- copy\" data-e-action-hash=\"#elementor-action%3Aaction%3Dlightbox%26settings%3DeyJpZCI6MTg1NCwidXJsIjoiaHR0cHM6XC9cL2JhamFzZXJlbml0eS5jb21cL3dwLWNvbnRlbnRcL3VwbG9hZHNcLzIwMjNcLzAyXC9TVEFSR0FaSU5HLVR3aW5rbGUtNC1jb3B5LmpwZWciLCJzbGlkZXNob3ciOiIwMGIzN2I0In0%3D\">\n\t\t\t\t\t<div class=\"e-gallery-image elementor-gallery-item__image\" data-thumbnail=\"https:\/\/bajaserenity.com\/wp-content\/uploads\/2023\/02\/STARGAZING-Twinkle-4-copy.jpeg\" data-width=\"768\" data-height=\"1024\" aria-label=\"\" role=\"img\" ><\/div>\n\t\t\t\t\t\t\t\t\t\t\t<div class=\"elementor-gallery-item__overlay\"><\/div>\n\t\t\t\t\t\t\t\t\t\t\t\t\t\t<\/a>\n\t\t\t\t\t\t\t<a class=\"e-gallery-item elementor-gallery-item elementor-animated-content\" href=\"https:\/\/bajaserenity.com\/wp-content\/uploads\/2023\/02\/STARGAZING-Twinkle-Lights-3-copy.jpg\" data-elementor-open-lightbox=\"yes\" data-elementor-lightbox-slideshow=\"00b37b4\" data-elementor-lightbox-title=\"STARGAZING-Twinkle Lights 3 copy\" data-e-action-hash=\"#elementor-action%3Aaction%3Dlightbox%26settings%3DeyJpZCI6MTg1NSwidXJsIjoiaHR0cHM6XC9cL2JhamFzZXJlbml0eS5jb21cL3dwLWNvbnRlbnRcL3VwbG9hZHNcLzIwMjNcLzAyXC9TVEFSR0FaSU5HLVR3aW5rbGUtTGlnaHRzLTMtY29weS5qcGciLCJzbGlkZXNob3ciOiIwMGIzN2I0In0%3D\">\n\t\t\t\t\t<div class=\"e-gallery-image elementor-gallery-item__image\" data-thumbnail=\"https:\/\/bajaserenity.com\/wp-content\/uploads\/2023\/02\/STARGAZING-Twinkle-Lights-3-copy.jpg\" data-width=\"1000\" data-height=\"1333\" aria-label=\"\" role=\"img\" ><\/div>\n\t\t\t\t\t\t\t\t\t\t\t<div class=\"elementor-gallery-item__overlay\"><\/div>\n\t\t\t\t\t\t\t\t\t\t\t\t\t\t<\/a>\n\t\t\t\t\t<\/div>\n\t\t\t\t\t<\/div>\n\t\t\t\t<\/div>\n\t\t\t\t<div class=\"elementor-element elementor-element-ae9d2b8 elementor-align-center elementor-widget elementor-widget-button\" data-id=\"ae9d2b8\" data-element_type=\"widget\" data-e-type=\"widget\" data-widget_type=\"button.default\">\n\t\t\t\t<div class=\"elementor-widget-container\">\n\t\t\t\t\t\t\t\t\t<div class=\"elementor-button-wrapper\">\n\t\t\t\t\t<a class=\"elementor-button elementor-button-link elementor-size-sm\" href=\"https:\/\/bajaserenity.com\/es\/adventures\/dining-out\/\">\n\t\t\t\t\t\t<span class=\"elementor-button-content-wrapper\">\n\t\t\t\t\t\t\t\t\t<span class=\"elementor-button-text\">COMER FUERA<\/span>\n\t\t\t\t\t<\/span>\n\t\t\t\t\t<\/a>\n\t\t\t\t<\/div>\n\t\t\t\t\t\t\t\t<\/div>\n\t\t\t\t<\/div>\n\t\t\t\t\t<\/div>\n\t\t<\/div>\n\t\t\t\t\t<\/div>\n\t\t<\/section>\n\t\t\t\t<\/div>","protected":false},"excerpt":{"rendered":"<p>Although not officially an International Dark Sky Reserve, Cabo Pulmo and Baja Serenity are the next best thing. Observing a moonrise over the sea is a special treat. Guests can\u2019t believe how large it looms, nor how brightly it reflects off the sea. On nights when it is full, the moon illuminates the desert so&#8230;<\/p>","protected":false},"author":1,"featured_media":0,"parent":1052,"menu_order":0,"comment_status":"closed","ping_status":"closed","template":"elementor_header_footer","meta":{"_uf_show_specific_survey":0,"_uf_disable_surveys":false,"_kad_post_transparent":"","_kad_post_title":"hide","_kad_post_layout":"fullwidth","_kad_post_sidebar_id":"","_kad_post_content_style":"unboxed","_kad_post_vertical_padding":"hide","_kad_post_feature":"hide","_kad_post_feature_position":"","_kad_post_header":false,"_kad_post_footer":false,"footnotes":""},"class_list":["post-1848","page","type-page","status-publish","hentry"],"aioseo_notices":[],"yoast_head":"<!-- This site is optimized with the Yoast SEO plugin v27.3 - https:\/\/yoast.com\/product\/yoast-seo-wordpress\/ -->\n<title>Stargazing - BAJA SERENITY<\/title>\n<meta name=\"robots\" content=\"index, follow, max-snippet:-1, max-image-preview:large, max-video-preview:-1\" \/>\n<link rel=\"canonical\" href=\"https:\/\/bajaserenity.com\/es\/adventures\/stargazing\/\" \/>\n<meta property=\"og:locale\" content=\"es_MX\" \/>\n<meta property=\"og:type\" content=\"article\" \/>\n<meta property=\"og:title\" content=\"Stargazing - BAJA SERENITY\" \/>\n<meta property=\"og:description\" content=\"Although not officially an International Dark Sky Reserve, Cabo Pulmo and Baja Serenity are the next best thing. Observing a moonrise over the sea is a special treat. Guests can\u2019t believe how large it looms, nor how brightly it reflects off the sea. On nights when it is full, the moon illuminates the desert so...\" \/>\n<meta property=\"og:url\" content=\"https:\/\/bajaserenity.com\/es\/adventures\/stargazing\/\" \/>\n<meta property=\"og:site_name\" content=\"BAJA SERENITY\" \/>\n<meta property=\"article:publisher\" content=\"https:\/\/www.facebook.com\/BajaSerenity\" \/>\n<meta property=\"article:modified_time\" content=\"2023-09-18T16:47:13+00:00\" \/>\n<meta name=\"twitter:card\" content=\"summary_large_image\" \/>\n<meta name=\"twitter:label1\" content=\"Est. reading time\" \/>\n\t<meta name=\"twitter:data1\" content=\"1 minuto\" \/>\n<script type=\"application\/ld+json\" class=\"yoast-schema-graph\">{\"@context\":\"https:\\\/\\\/schema.org\",\"@graph\":[{\"@type\":\"WebPage\",\"@id\":\"https:\\\/\\\/bajaserenity.com\\\/adventures\\\/stargazing\\\/\",\"url\":\"https:\\\/\\\/bajaserenity.com\\\/adventures\\\/stargazing\\\/\",\"name\":\"Stargazing - BAJA SERENITY\",\"isPartOf\":{\"@id\":\"https:\\\/\\\/bajaserenity.com\\\/#website\"},\"datePublished\":\"2023-02-28T20:31:48+00:00\",\"dateModified\":\"2023-09-18T16:47:13+00:00\",\"breadcrumb\":{\"@id\":\"https:\\\/\\\/bajaserenity.com\\\/adventures\\\/stargazing\\\/#breadcrumb\"},\"inLanguage\":\"es\",\"potentialAction\":[{\"@type\":\"ReadAction\",\"target\":[\"https:\\\/\\\/bajaserenity.com\\\/adventures\\\/stargazing\\\/\"]}]},{\"@type\":\"BreadcrumbList\",\"@id\":\"https:\\\/\\\/bajaserenity.com\\\/adventures\\\/stargazing\\\/#breadcrumb\",\"itemListElement\":[{\"@type\":\"ListItem\",\"position\":1,\"name\":\"Home\",\"item\":\"https:\\\/\\\/bajaserenity.com\\\/\"},{\"@type\":\"ListItem\",\"position\":2,\"name\":\"Adventures\",\"item\":\"https:\\\/\\\/bajaserenity.com\\\/adventures\\\/\"},{\"@type\":\"ListItem\",\"position\":3,\"name\":\"Stargazing\"}]},{\"@type\":\"WebSite\",\"@id\":\"https:\\\/\\\/bajaserenity.com\\\/#website\",\"url\":\"https:\\\/\\\/bajaserenity.com\\\/\",\"name\":\"BAJA SERENITY\",\"description\":\"A luxury destination\",\"publisher\":{\"@id\":\"https:\\\/\\\/bajaserenity.com\\\/#organization\"},\"potentialAction\":[{\"@type\":\"SearchAction\",\"target\":{\"@type\":\"EntryPoint\",\"urlTemplate\":\"https:\\\/\\\/bajaserenity.com\\\/?s={search_term_string}\"},\"query-input\":{\"@type\":\"PropertyValueSpecification\",\"valueRequired\":true,\"valueName\":\"search_term_string\"}}],\"inLanguage\":\"es\"},{\"@type\":\"Organization\",\"@id\":\"https:\\\/\\\/bajaserenity.com\\\/#organization\",\"name\":\"BAJA SERENITY\",\"url\":\"https:\\\/\\\/bajaserenity.com\\\/\",\"logo\":{\"@type\":\"ImageObject\",\"inLanguage\":\"es\",\"@id\":\"https:\\\/\\\/bajaserenity.com\\\/#\\\/schema\\\/logo\\\/image\\\/\",\"url\":\"https:\\\/\\\/bajaserenity.com\\\/wp-content\\\/uploads\\\/2024\\\/10\\\/SERENITY-REEF-PROFILE-PIC-68.jpg\",\"contentUrl\":\"https:\\\/\\\/bajaserenity.com\\\/wp-content\\\/uploads\\\/2024\\\/10\\\/SERENITY-REEF-PROFILE-PIC-68.jpg\",\"width\":1667,\"height\":1667,\"caption\":\"BAJA SERENITY\"},\"image\":{\"@id\":\"https:\\\/\\\/bajaserenity.com\\\/#\\\/schema\\\/logo\\\/image\\\/\"},\"sameAs\":[\"https:\\\/\\\/www.facebook.com\\\/BajaSerenity\",\"https:\\\/\\\/www.instagram.com\\\/bajaserenity\"]}]}<\/script>\n<!-- \/ Yoast SEO plugin. -->","yoast_head_json":{"title":"Stargazing - BAJA SERENITY","robots":{"index":"index","follow":"follow","max-snippet":"max-snippet:-1","max-image-preview":"max-image-preview:large","max-video-preview":"max-video-preview:-1"},"canonical":"https:\/\/bajaserenity.com\/es\/adventures\/stargazing\/","og_locale":"es_MX","og_type":"article","og_title":"Stargazing - BAJA SERENITY","og_description":"Although not officially an International Dark Sky Reserve, Cabo Pulmo and Baja Serenity are the next best thing. Observing a moonrise over the sea is a special treat. Guests can\u2019t believe how large it looms, nor how brightly it reflects off the sea. On nights when it is full, the moon illuminates the desert so...","og_url":"https:\/\/bajaserenity.com\/es\/adventures\/stargazing\/","og_site_name":"BAJA SERENITY","article_publisher":"https:\/\/www.facebook.com\/BajaSerenity","article_modified_time":"2023-09-18T16:47:13+00:00","twitter_card":"summary_large_image","twitter_misc":{"Est. reading time":"1 minuto"},"schema":{"@context":"https:\/\/schema.org","@graph":[{"@type":"WebPage","@id":"https:\/\/bajaserenity.com\/adventures\/stargazing\/","url":"https:\/\/bajaserenity.com\/adventures\/stargazing\/","name":"Stargazing - BAJA SERENITY","isPartOf":{"@id":"https:\/\/bajaserenity.com\/#website"},"datePublished":"2023-02-28T20:31:48+00:00","dateModified":"2023-09-18T16:47:13+00:00","breadcrumb":{"@id":"https:\/\/bajaserenity.com\/adventures\/stargazing\/#breadcrumb"},"inLanguage":"es","potentialAction":[{"@type":"ReadAction","target":["https:\/\/bajaserenity.com\/adventures\/stargazing\/"]}]},{"@type":"BreadcrumbList","@id":"https:\/\/bajaserenity.com\/adventures\/stargazing\/#breadcrumb","itemListElement":[{"@type":"ListItem","position":1,"name":"Home","item":"https:\/\/bajaserenity.com\/"},{"@type":"ListItem","position":2,"name":"Adventures","item":"https:\/\/bajaserenity.com\/adventures\/"},{"@type":"ListItem","position":3,"name":"Stargazing"}]},{"@type":"WebSite","@id":"https:\/\/bajaserenity.com\/#website","url":"https:\/\/bajaserenity.com\/","name":"BAJA SERENITY","description":"A luxury destination","publisher":{"@id":"https:\/\/bajaserenity.com\/#organization"},"potentialAction":[{"@type":"SearchAction","target":{"@type":"EntryPoint","urlTemplate":"https:\/\/bajaserenity.com\/?s={search_term_string}"},"query-input":{"@type":"PropertyValueSpecification","valueRequired":true,"valueName":"search_term_string"}}],"inLanguage":"es"},{"@type":"Organization","@id":"https:\/\/bajaserenity.com\/#organization","name":"BAJA SERENITY","url":"https:\/\/bajaserenity.com\/","logo":{"@type":"ImageObject","inLanguage":"es","@id":"https:\/\/bajaserenity.com\/#\/schema\/logo\/image\/","url":"https:\/\/bajaserenity.com\/wp-content\/uploads\/2024\/10\/SERENITY-REEF-PROFILE-PIC-68.jpg","contentUrl":"https:\/\/bajaserenity.com\/wp-content\/uploads\/2024\/10\/SERENITY-REEF-PROFILE-PIC-68.jpg","width":1667,"height":1667,"caption":"BAJA SERENITY"},"image":{"@id":"https:\/\/bajaserenity.com\/#\/schema\/logo\/image\/"},"sameAs":["https:\/\/www.facebook.com\/BajaSerenity","https:\/\/www.instagram.com\/bajaserenity"]}]}},"_links":{"self":[{"href":"https:\/\/bajaserenity.com\/es\/wp-json\/wp\/v2\/pages\/1848","targetHints":{"allow":["GET"]}}],"collection":[{"href":"https:\/\/bajaserenity.com\/es\/wp-json\/wp\/v2\/pages"}],"about":[{"href":"https:\/\/bajaserenity.com\/es\/wp-json\/wp\/v2\/types\/page"}],"author":[{"embeddable":true,"href":"https:\/\/bajaserenity.com\/es\/wp-json\/wp\/v2\/users\/1"}],"replies":[{"embeddable":true,"href":"https:\/\/bajaserenity.com\/es\/wp-json\/wp\/v2\/comments?post=1848"}],"version-history":[{"count":0,"href":"https:\/\/bajaserenity.com\/es\/wp-json\/wp\/v2\/pages\/1848\/revisions"}],"up":[{"embeddable":true,"href":"https:\/\/bajaserenity.com\/es\/wp-json\/wp\/v2\/pages\/1052"}],"wp:attachment":[{"href":"https:\/\/bajaserenity.com\/es\/wp-json\/wp\/v2\/media?parent=1848"}],"curies":[{"name":"wp","href":"https:\/\/api.w.org\/{rel}","templated":true}]}}