{"id":1910,"date":"2023-02-28T21:17:39","date_gmt":"2023-02-28T21:17:39","guid":{"rendered":"https:\/\/bajaserenity.com\/?page_id=1910"},"modified":"2023-03-02T21:48:23","modified_gmt":"2023-03-02T21:48:23","slug":"hot-springs-waterfall","status":"publish","type":"page","link":"https:\/\/bajaserenity.com\/es\/adventures\/hot-springs-waterfall\/","title":{"rendered":"AGUAS TERMALES Y CASCADA"},"content":{"rendered":"<div data-elementor-type=\"wp-page\" data-elementor-id=\"1910\" class=\"elementor elementor-1910\" data-elementor-post-type=\"page\">\n\t\t\t\t\t\t<section class=\"elementor-section elementor-top-section elementor-element elementor-element-5b5bae5 elementor-section-full_width elementor-section-stretched elementor-section-height-default elementor-section-height-default\" data-id=\"5b5bae5\" data-element_type=\"section\" data-e-type=\"section\" data-settings=\"{&quot;stretch_section&quot;:&quot;section-stretched&quot;}\">\n\t\t\t\t\t\t<div class=\"elementor-container elementor-column-gap-no\">\n\t\t\t\t\t<div class=\"elementor-column elementor-col-100 elementor-top-column elementor-element elementor-element-0917c47\" data-id=\"0917c47\" data-element_type=\"column\" data-e-type=\"column\">\n\t\t\t<div class=\"elementor-widget-wrap elementor-element-populated\">\n\t\t\t\t\t\t<div class=\"elementor-element elementor-element-32d734c elementor--h-position-center elementor--v-position-middle elementor-arrows-position-inside elementor-pagination-position-inside elementor-widget elementor-widget-slides\" data-id=\"32d734c\" data-element_type=\"widget\" data-e-type=\"widget\" data-settings=\"{&quot;transition&quot;:&quot;fade&quot;,&quot;autoplay_speed&quot;:3000,&quot;transition_speed&quot;:1000,&quot;navigation&quot;:&quot;both&quot;,&quot;autoplay&quot;:&quot;yes&quot;,&quot;pause_on_hover&quot;:&quot;yes&quot;,&quot;pause_on_interaction&quot;:&quot;yes&quot;,&quot;infinite&quot;:&quot;yes&quot;}\" data-widget_type=\"slides.default\">\n\t\t\t\t<div class=\"elementor-widget-container\">\n\t\t\t\t\t\t\t\t\t<div class=\"elementor-swiper\">\n\t\t\t\t\t<div class=\"elementor-slides-wrapper elementor-main-swiper swiper\" role=\"region\" aria-roledescription=\"carousel\" aria-label=\"Diapositivas\" dir=\"ltr\" data-animation=\"fadeInUp\">\n\t\t\t\t<div class=\"swiper-wrapper elementor-slides\">\n\t\t\t\t\t\t\t\t\t\t<div class=\"elementor-repeater-item-e03392a swiper-slide\" role=\"group\" aria-roledescription=\"slide\"><div class=\"swiper-slide-bg elementor-ken-burns elementor-ken-burns--in\" role=\"img\" aria-label=\"Hot-Springs-CROP-WS-copy\"><\/div><div class=\"swiper-slide-inner\" ><div class=\"swiper-slide-contents\"><\/div><\/div><\/div>\t\t\t\t<\/div>\n\t\t\t\t\t\t\t<\/div>\n\t\t\t\t<\/div>\n\t\t\t\t\t\t\t\t<\/div>\n\t\t\t\t<\/div>\n\t\t\t\t\t<\/div>\n\t\t<\/div>\n\t\t\t\t\t<\/div>\n\t\t<\/section>\n\t\t\t\t<section class=\"elementor-section elementor-top-section elementor-element elementor-element-eb651ff elementor-section-boxed elementor-section-height-default elementor-section-height-default\" data-id=\"eb651ff\" data-element_type=\"section\" data-e-type=\"section\">\n\t\t\t\t\t\t<div class=\"elementor-container elementor-column-gap-default\">\n\t\t\t\t\t<div class=\"elementor-column elementor-col-100 elementor-top-column elementor-element elementor-element-6491375\" data-id=\"6491375\" data-element_type=\"column\" data-e-type=\"column\">\n\t\t\t<div class=\"elementor-widget-wrap elementor-element-populated\">\n\t\t\t\t\t\t<div class=\"elementor-element elementor-element-1477b53 elementor-widget elementor-widget-heading\" data-id=\"1477b53\" data-element_type=\"widget\" data-e-type=\"widget\" data-widget_type=\"heading.default\">\n\t\t\t\t<div class=\"elementor-widget-container\">\n\t\t\t\t\t<h2 class=\"elementor-heading-title elementor-size-default\">AGUAS TERMALES Y CASCADA<\/h2>\t\t\t\t<\/div>\n\t\t\t\t<\/div>\n\t\t\t\t<div class=\"elementor-element elementor-element-4cc0767 elementor-widget-divider--view-line elementor-widget elementor-widget-divider\" data-id=\"4cc0767\" data-element_type=\"widget\" data-e-type=\"widget\" data-widget_type=\"divider.default\">\n\t\t\t\t<div class=\"elementor-widget-container\">\n\t\t\t\t\t\t\t<div class=\"elementor-divider\">\n\t\t\t<span class=\"elementor-divider-separator\">\n\t\t\t\t\t\t<\/span>\n\t\t<\/div>\n\t\t\t\t\t\t<\/div>\n\t\t\t\t<\/div>\n\t\t\t\t<div class=\"elementor-element elementor-element-42b8f63 elementor-widget elementor-widget-text-editor\" data-id=\"42b8f63\" data-element_type=\"widget\" data-e-type=\"widget\" data-widget_type=\"text-editor.default\">\n\t\t\t\t<div class=\"elementor-widget-container\">\n\t\t\t\t\t\t\t\t\tA aproximadamente una hora en coche de Cabo Pulmo se encuentra la \u201cBi\u00f3sfera\u201d, una regi\u00f3n monta\u00f1osa ind\u00f3mita formada por la Sierra de la Laguna. Estas monta\u00f1as separan el lado del Pac\u00edfico de la pen\u00ednsula de Baja del lado oriental, y se elevan dram\u00e1ticamente a m\u00e1s de 6,800 pies. (\u00a1Estas son las monta\u00f1as que se observan desde la ventana del avi\u00f3n al llegar o salir de Los Cabos!)\nEn la parte oriental de la Bi\u00f3sfera se encuentran calmantes aguas termales, as\u00ed como una cascada de flujo permanente con una gran piscina similar a un anfiteatro en su base.\nViajar hacia la bi\u00f3sfera revela un lado de Baja que pocos visitantes llegan a experimentar. Pero para quienes se aventuran all\u00ed, ofrece un fabuloso contraste con las planicies des\u00e9rticas y las playas arenosas m\u00e1s conocidas.\nExcursiones adicionales est\u00e1n disponibles hacia un rancho r\u00fastico donde se produce el mejor queso artesanal de la regi\u00f3n (el \u201cqueso fresco\u201d).\t\t\t\t\t\t\t\t<\/div>\n\t\t\t\t<\/div>\n\t\t\t\t<div class=\"elementor-element elementor-element-ae32831 elementor-widget elementor-widget-gallery\" data-id=\"ae32831\" data-element_type=\"widget\" data-e-type=\"widget\" data-settings=\"{&quot;gallery_layout&quot;:&quot;masonry&quot;,&quot;columns&quot;:2,&quot;lazyload&quot;:&quot;yes&quot;,&quot;columns_tablet&quot;:2,&quot;columns_mobile&quot;:1,&quot;gap&quot;:{&quot;unit&quot;:&quot;px&quot;,&quot;size&quot;:10,&quot;sizes&quot;:[]},&quot;gap_tablet&quot;:{&quot;unit&quot;:&quot;px&quot;,&quot;size&quot;:10,&quot;sizes&quot;:[]},&quot;gap_mobile&quot;:{&quot;unit&quot;:&quot;px&quot;,&quot;size&quot;:10,&quot;sizes&quot;:[]},&quot;link_to&quot;:&quot;file&quot;,&quot;overlay_background&quot;:&quot;yes&quot;,&quot;content_hover_animation&quot;:&quot;fade-in&quot;}\" data-widget_type=\"gallery.default\">\n\t\t\t\t<div class=\"elementor-widget-container\">\n\t\t\t\t\t\t\t<div class=\"elementor-gallery__container\">\n\t\t\t\t\t\t\t<a class=\"e-gallery-item elementor-gallery-item elementor-animated-content\" href=\"https:\/\/bajaserenity.com\/wp-content\/uploads\/2023\/02\/Hot-Springs-2-copy.jpg\" data-elementor-open-lightbox=\"yes\" data-elementor-lightbox-slideshow=\"ae32831\" data-elementor-lightbox-title=\"Hot Springs 2 copy\" data-e-action-hash=\"#elementor-action%3Aaction%3Dlightbox%26settings%3DeyJpZCI6MTkxNCwidXJsIjoiaHR0cHM6XC9cL2JhamFzZXJlbml0eS5jb21cL3dwLWNvbnRlbnRcL3VwbG9hZHNcLzIwMjNcLzAyXC9Ib3QtU3ByaW5ncy0yLWNvcHkuanBnIiwic2xpZGVzaG93IjoiYWUzMjgzMSJ9\">\n\t\t\t\t\t<div class=\"e-gallery-image elementor-gallery-item__image\" data-thumbnail=\"https:\/\/bajaserenity.com\/wp-content\/uploads\/2023\/02\/Hot-Springs-2-copy.jpg\" data-width=\"1000\" data-height=\"1333\" aria-label=\"\" role=\"img\" ><\/div>\n\t\t\t\t\t\t\t\t\t\t\t<div class=\"elementor-gallery-item__overlay\"><\/div>\n\t\t\t\t\t\t\t\t\t\t\t\t\t\t<\/a>\n\t\t\t\t\t\t\t<a class=\"e-gallery-item elementor-gallery-item elementor-animated-content\" href=\"https:\/\/bajaserenity.com\/wp-content\/uploads\/2023\/02\/Hot-Springs-copy.jpg\" data-elementor-open-lightbox=\"yes\" data-elementor-lightbox-slideshow=\"ae32831\" data-elementor-lightbox-title=\"Hot Springs copy\" data-e-action-hash=\"#elementor-action%3Aaction%3Dlightbox%26settings%3DeyJpZCI6MTkxNSwidXJsIjoiaHR0cHM6XC9cL2JhamFzZXJlbml0eS5jb21cL3dwLWNvbnRlbnRcL3VwbG9hZHNcLzIwMjNcLzAyXC9Ib3QtU3ByaW5ncy1jb3B5LmpwZyIsInNsaWRlc2hvdyI6ImFlMzI4MzEifQ%3D%3D\">\n\t\t\t\t\t<div class=\"e-gallery-image elementor-gallery-item__image\" data-thumbnail=\"https:\/\/bajaserenity.com\/wp-content\/uploads\/2023\/02\/Hot-Springs-copy.jpg\" data-width=\"1000\" data-height=\"1333\" aria-label=\"\" role=\"img\" ><\/div>\n\t\t\t\t\t\t\t\t\t\t\t<div class=\"elementor-gallery-item__overlay\"><\/div>\n\t\t\t\t\t\t\t\t\t\t\t\t\t\t<\/a>\n\t\t\t\t\t\t\t<a class=\"e-gallery-item elementor-gallery-item elementor-animated-content\" href=\"https:\/\/bajaserenity.com\/wp-content\/uploads\/2023\/02\/Waterfall-copy.jpg\" data-elementor-open-lightbox=\"yes\" data-elementor-lightbox-slideshow=\"ae32831\" data-elementor-lightbox-title=\"Waterfall copy\" data-e-action-hash=\"#elementor-action%3Aaction%3Dlightbox%26settings%3DeyJpZCI6MTkxNiwidXJsIjoiaHR0cHM6XC9cL2JhamFzZXJlbml0eS5jb21cL3dwLWNvbnRlbnRcL3VwbG9hZHNcLzIwMjNcLzAyXC9XYXRlcmZhbGwtY29weS5qcGciLCJzbGlkZXNob3ciOiJhZTMyODMxIn0%3D\">\n\t\t\t\t\t<div class=\"e-gallery-image elementor-gallery-item__image\" data-thumbnail=\"https:\/\/bajaserenity.com\/wp-content\/uploads\/2023\/02\/Waterfall-copy.jpg\" data-width=\"1000\" data-height=\"1333\" aria-label=\"\" role=\"img\" ><\/div>\n\t\t\t\t\t\t\t\t\t\t\t<div class=\"elementor-gallery-item__overlay\"><\/div>\n\t\t\t\t\t\t\t\t\t\t\t\t\t\t<\/a>\n\t\t\t\t\t<\/div>\n\t\t\t\t\t<\/div>\n\t\t\t\t<\/div>\n\t\t\t\t\t<\/div>\n\t\t<\/div>\n\t\t\t\t\t<\/div>\n\t\t<\/section>\n\t\t\t\t<\/div>","protected":false},"excerpt":{"rendered":"<p>About an hour\u2019s drive from Cabo Pulmo lies the \u201cBiosphere,\u201d an untamed mountainous region formed by the Sierra de la Laguna Mountains. These mountains separate the Pacific side of the Baja peninsula from the eastern side, and they rise dramatically to over 6,800 feet. (These are the mountains one observes from the plane window when&#8230;<\/p>","protected":false},"author":1,"featured_media":0,"parent":1052,"menu_order":0,"comment_status":"closed","ping_status":"closed","template":"elementor_header_footer","meta":{"_uf_show_specific_survey":0,"_uf_disable_surveys":false,"_kad_post_transparent":"","_kad_post_title":"hide","_kad_post_layout":"fullwidth","_kad_post_sidebar_id":"","_kad_post_content_style":"unboxed","_kad_post_vertical_padding":"hide","_kad_post_feature":"hide","_kad_post_feature_position":"","_kad_post_header":false,"_kad_post_footer":false,"footnotes":""},"class_list":["post-1910","page","type-page","status-publish","hentry"],"aioseo_notices":[],"yoast_head":"<!-- This site is optimized with the Yoast SEO plugin v27.5 - https:\/\/yoast.com\/product\/yoast-seo-wordpress\/ -->\n<title>HOT SPRINGS &amp; WATERFALL - BAJA SERENITY<\/title>\n<meta name=\"robots\" content=\"index, follow, max-snippet:-1, max-image-preview:large, max-video-preview:-1\" \/>\n<link rel=\"canonical\" href=\"https:\/\/bajaserenity.com\/es\/adventures\/hot-springs-waterfall\/\" \/>\n<meta property=\"og:locale\" content=\"es_MX\" \/>\n<meta property=\"og:type\" content=\"article\" \/>\n<meta property=\"og:title\" content=\"HOT SPRINGS &amp; WATERFALL - BAJA SERENITY\" \/>\n<meta property=\"og:description\" content=\"About an hour\u2019s drive from Cabo Pulmo lies the \u201cBiosphere,\u201d an untamed mountainous region formed by the Sierra de la Laguna Mountains. These mountains separate the Pacific side of the Baja peninsula from the eastern side, and they rise dramatically to over 6,800 feet. (These are the mountains one observes from the plane window when...\" \/>\n<meta property=\"og:url\" content=\"https:\/\/bajaserenity.com\/es\/adventures\/hot-springs-waterfall\/\" \/>\n<meta property=\"og:site_name\" content=\"BAJA SERENITY\" \/>\n<meta property=\"article:publisher\" content=\"https:\/\/www.facebook.com\/BajaSerenity\" \/>\n<meta property=\"article:modified_time\" content=\"2023-03-02T21:48:23+00:00\" \/>\n<meta name=\"twitter:card\" content=\"summary_large_image\" \/>\n<meta name=\"twitter:label1\" content=\"Est. reading time\" \/>\n\t<meta name=\"twitter:data1\" content=\"1 minuto\" \/>\n<script type=\"application\/ld+json\" class=\"yoast-schema-graph\">{\"@context\":\"https:\\\/\\\/schema.org\",\"@graph\":[{\"@type\":\"WebPage\",\"@id\":\"https:\\\/\\\/bajaserenity.com\\\/adventures\\\/hot-springs-waterfall\\\/\",\"url\":\"https:\\\/\\\/bajaserenity.com\\\/adventures\\\/hot-springs-waterfall\\\/\",\"name\":\"HOT SPRINGS & WATERFALL - BAJA SERENITY\",\"isPartOf\":{\"@id\":\"https:\\\/\\\/bajaserenity.com\\\/#website\"},\"datePublished\":\"2023-02-28T21:17:39+00:00\",\"dateModified\":\"2023-03-02T21:48:23+00:00\",\"breadcrumb\":{\"@id\":\"https:\\\/\\\/bajaserenity.com\\\/adventures\\\/hot-springs-waterfall\\\/#breadcrumb\"},\"inLanguage\":\"es\",\"potentialAction\":[{\"@type\":\"ReadAction\",\"target\":[\"https:\\\/\\\/bajaserenity.com\\\/adventures\\\/hot-springs-waterfall\\\/\"]}]},{\"@type\":\"BreadcrumbList\",\"@id\":\"https:\\\/\\\/bajaserenity.com\\\/adventures\\\/hot-springs-waterfall\\\/#breadcrumb\",\"itemListElement\":[{\"@type\":\"ListItem\",\"position\":1,\"name\":\"Home\",\"item\":\"https:\\\/\\\/bajaserenity.com\\\/\"},{\"@type\":\"ListItem\",\"position\":2,\"name\":\"Adventures\",\"item\":\"https:\\\/\\\/bajaserenity.com\\\/adventures\\\/\"},{\"@type\":\"ListItem\",\"position\":3,\"name\":\"HOT SPRINGS &#038; WATERFALL\"}]},{\"@type\":\"WebSite\",\"@id\":\"https:\\\/\\\/bajaserenity.com\\\/#website\",\"url\":\"https:\\\/\\\/bajaserenity.com\\\/\",\"name\":\"BAJA SERENITY\",\"description\":\"A luxury destination\",\"publisher\":{\"@id\":\"https:\\\/\\\/bajaserenity.com\\\/#organization\"},\"potentialAction\":[{\"@type\":\"SearchAction\",\"target\":{\"@type\":\"EntryPoint\",\"urlTemplate\":\"https:\\\/\\\/bajaserenity.com\\\/?s={search_term_string}\"},\"query-input\":{\"@type\":\"PropertyValueSpecification\",\"valueRequired\":true,\"valueName\":\"search_term_string\"}}],\"inLanguage\":\"es\"},{\"@type\":\"Organization\",\"@id\":\"https:\\\/\\\/bajaserenity.com\\\/#organization\",\"name\":\"BAJA SERENITY\",\"url\":\"https:\\\/\\\/bajaserenity.com\\\/\",\"logo\":{\"@type\":\"ImageObject\",\"inLanguage\":\"es\",\"@id\":\"https:\\\/\\\/bajaserenity.com\\\/#\\\/schema\\\/logo\\\/image\\\/\",\"url\":\"https:\\\/\\\/bajaserenity.com\\\/wp-content\\\/uploads\\\/2024\\\/10\\\/SERENITY-REEF-PROFILE-PIC-68.jpg\",\"contentUrl\":\"https:\\\/\\\/bajaserenity.com\\\/wp-content\\\/uploads\\\/2024\\\/10\\\/SERENITY-REEF-PROFILE-PIC-68.jpg\",\"width\":1667,\"height\":1667,\"caption\":\"BAJA SERENITY\"},\"image\":{\"@id\":\"https:\\\/\\\/bajaserenity.com\\\/#\\\/schema\\\/logo\\\/image\\\/\"},\"sameAs\":[\"https:\\\/\\\/www.facebook.com\\\/BajaSerenity\",\"https:\\\/\\\/www.instagram.com\\\/bajaserenity\"]}]}<\/script>\n<!-- \/ Yoast SEO plugin. -->","yoast_head_json":{"title":"HOT SPRINGS & WATERFALL - BAJA SERENITY","robots":{"index":"index","follow":"follow","max-snippet":"max-snippet:-1","max-image-preview":"max-image-preview:large","max-video-preview":"max-video-preview:-1"},"canonical":"https:\/\/bajaserenity.com\/es\/adventures\/hot-springs-waterfall\/","og_locale":"es_MX","og_type":"article","og_title":"HOT SPRINGS & WATERFALL - BAJA SERENITY","og_description":"About an hour\u2019s drive from Cabo Pulmo lies the \u201cBiosphere,\u201d an untamed mountainous region formed by the Sierra de la Laguna Mountains. These mountains separate the Pacific side of the Baja peninsula from the eastern side, and they rise dramatically to over 6,800 feet. (These are the mountains one observes from the plane window when...","og_url":"https:\/\/bajaserenity.com\/es\/adventures\/hot-springs-waterfall\/","og_site_name":"BAJA SERENITY","article_publisher":"https:\/\/www.facebook.com\/BajaSerenity","article_modified_time":"2023-03-02T21:48:23+00:00","twitter_card":"summary_large_image","twitter_misc":{"Est. reading time":"1 minuto"},"schema":{"@context":"https:\/\/schema.org","@graph":[{"@type":"WebPage","@id":"https:\/\/bajaserenity.com\/adventures\/hot-springs-waterfall\/","url":"https:\/\/bajaserenity.com\/adventures\/hot-springs-waterfall\/","name":"HOT SPRINGS & WATERFALL - BAJA SERENITY","isPartOf":{"@id":"https:\/\/bajaserenity.com\/#website"},"datePublished":"2023-02-28T21:17:39+00:00","dateModified":"2023-03-02T21:48:23+00:00","breadcrumb":{"@id":"https:\/\/bajaserenity.com\/adventures\/hot-springs-waterfall\/#breadcrumb"},"inLanguage":"es","potentialAction":[{"@type":"ReadAction","target":["https:\/\/bajaserenity.com\/adventures\/hot-springs-waterfall\/"]}]},{"@type":"BreadcrumbList","@id":"https:\/\/bajaserenity.com\/adventures\/hot-springs-waterfall\/#breadcrumb","itemListElement":[{"@type":"ListItem","position":1,"name":"Home","item":"https:\/\/bajaserenity.com\/"},{"@type":"ListItem","position":2,"name":"Adventures","item":"https:\/\/bajaserenity.com\/adventures\/"},{"@type":"ListItem","position":3,"name":"HOT SPRINGS &#038; WATERFALL"}]},{"@type":"WebSite","@id":"https:\/\/bajaserenity.com\/#website","url":"https:\/\/bajaserenity.com\/","name":"BAJA SERENITY","description":"A luxury destination","publisher":{"@id":"https:\/\/bajaserenity.com\/#organization"},"potentialAction":[{"@type":"SearchAction","target":{"@type":"EntryPoint","urlTemplate":"https:\/\/bajaserenity.com\/?s={search_term_string}"},"query-input":{"@type":"PropertyValueSpecification","valueRequired":true,"valueName":"search_term_string"}}],"inLanguage":"es"},{"@type":"Organization","@id":"https:\/\/bajaserenity.com\/#organization","name":"BAJA SERENITY","url":"https:\/\/bajaserenity.com\/","logo":{"@type":"ImageObject","inLanguage":"es","@id":"https:\/\/bajaserenity.com\/#\/schema\/logo\/image\/","url":"https:\/\/bajaserenity.com\/wp-content\/uploads\/2024\/10\/SERENITY-REEF-PROFILE-PIC-68.jpg","contentUrl":"https:\/\/bajaserenity.com\/wp-content\/uploads\/2024\/10\/SERENITY-REEF-PROFILE-PIC-68.jpg","width":1667,"height":1667,"caption":"BAJA SERENITY"},"image":{"@id":"https:\/\/bajaserenity.com\/#\/schema\/logo\/image\/"},"sameAs":["https:\/\/www.facebook.com\/BajaSerenity","https:\/\/www.instagram.com\/bajaserenity"]}]}},"_links":{"self":[{"href":"https:\/\/bajaserenity.com\/es\/wp-json\/wp\/v2\/pages\/1910","targetHints":{"allow":["GET"]}}],"collection":[{"href":"https:\/\/bajaserenity.com\/es\/wp-json\/wp\/v2\/pages"}],"about":[{"href":"https:\/\/bajaserenity.com\/es\/wp-json\/wp\/v2\/types\/page"}],"author":[{"embeddable":true,"href":"https:\/\/bajaserenity.com\/es\/wp-json\/wp\/v2\/users\/1"}],"replies":[{"embeddable":true,"href":"https:\/\/bajaserenity.com\/es\/wp-json\/wp\/v2\/comments?post=1910"}],"version-history":[{"count":0,"href":"https:\/\/bajaserenity.com\/es\/wp-json\/wp\/v2\/pages\/1910\/revisions"}],"up":[{"embeddable":true,"href":"https:\/\/bajaserenity.com\/es\/wp-json\/wp\/v2\/pages\/1052"}],"wp:attachment":[{"href":"https:\/\/bajaserenity.com\/es\/wp-json\/wp\/v2\/media?parent=1910"}],"curies":[{"name":"wp","href":"https:\/\/api.w.org\/{rel}","templated":true}]}}