{"id":2085,"date":"2023-03-01T21:40:45","date_gmt":"2023-03-01T21:40:45","guid":{"rendered":"https:\/\/bajaserenity.com\/?page_id=2085"},"modified":"2023-05-30T23:42:03","modified_gmt":"2023-05-30T23:42:03","slug":"retreat-guests","status":"publish","type":"page","link":"https:\/\/bajaserenity.com\/es\/yoga-retreats\/retreat-guests\/","title":{"rendered":"HUESPEDES DEL RETIRO"},"content":{"rendered":"<div data-elementor-type=\"wp-page\" data-elementor-id=\"2085\" class=\"elementor elementor-2085\" data-elementor-post-type=\"page\">\n\t\t\t\t\t\t<section class=\"elementor-section elementor-top-section elementor-element elementor-element-eb548fd elementor-section-full_width elementor-section-stretched elementor-section-height-default elementor-section-height-default\" data-id=\"eb548fd\" data-element_type=\"section\" data-e-type=\"section\" data-settings=\"{&quot;stretch_section&quot;:&quot;section-stretched&quot;}\">\n\t\t\t\t\t\t<div class=\"elementor-container elementor-column-gap-no\">\n\t\t\t\t\t<div class=\"elementor-column elementor-col-100 elementor-top-column elementor-element elementor-element-fa8912f\" data-id=\"fa8912f\" data-element_type=\"column\" data-e-type=\"column\">\n\t\t\t<div class=\"elementor-widget-wrap elementor-element-populated\">\n\t\t\t\t\t\t<div class=\"elementor-element elementor-element-41b1e4a elementor--h-position-center elementor--v-position-middle elementor-arrows-position-inside elementor-pagination-position-inside elementor-widget elementor-widget-slides\" data-id=\"41b1e4a\" data-element_type=\"widget\" data-e-type=\"widget\" data-settings=\"{&quot;transition&quot;:&quot;fade&quot;,&quot;autoplay_speed&quot;:3000,&quot;transition_speed&quot;:1000,&quot;navigation&quot;:&quot;both&quot;,&quot;autoplay&quot;:&quot;yes&quot;,&quot;pause_on_hover&quot;:&quot;yes&quot;,&quot;pause_on_interaction&quot;:&quot;yes&quot;,&quot;infinite&quot;:&quot;yes&quot;}\" data-widget_type=\"slides.default\">\n\t\t\t\t<div class=\"elementor-widget-container\">\n\t\t\t\t\t\t\t\t\t<div class=\"elementor-swiper\">\n\t\t\t\t\t<div class=\"elementor-slides-wrapper elementor-main-swiper swiper\" role=\"region\" aria-roledescription=\"carousel\" aria-label=\"Diapositivas\" dir=\"ltr\" data-animation=\"fadeInUp\">\n\t\t\t\t<div class=\"swiper-wrapper elementor-slides\">\n\t\t\t\t\t\t\t\t\t\t<div class=\"elementor-repeater-item-86d4c97 swiper-slide\" role=\"group\" aria-roledescription=\"slide\"><div class=\"swiper-slide-bg elementor-ken-burns elementor-ken-burns--in\" role=\"img\" aria-label=\"RETREAT-ATTENDEES-SLIDES-A--(5-24)-DSC_1772_edit-2-copy\"><\/div><div class=\"swiper-slide-inner\" ><div class=\"swiper-slide-contents\"><\/div><\/div><\/div><div class=\"elementor-repeater-item-59cc790 swiper-slide\" role=\"group\" aria-roledescription=\"slide\"><div class=\"swiper-slide-bg elementor-ken-burns elementor-ken-burns--in\" role=\"img\" aria-label=\"RETREAT-ATTENDEES-HERO\"><\/div><div class=\"swiper-slide-inner\" ><div class=\"swiper-slide-contents\"><\/div><\/div><\/div><div class=\"elementor-repeater-item-65e1e62 swiper-slide\" role=\"group\" aria-roledescription=\"slide\"><div class=\"swiper-slide-bg elementor-ken-burns elementor-ken-burns--in\" role=\"img\" aria-label=\"RETREAT-ATTENDEES-SLIDES-C--(5-24)-YOGA_DUO-4\"><\/div><div class=\"swiper-slide-inner\" ><div class=\"swiper-slide-contents\"><\/div><\/div><\/div><div class=\"elementor-repeater-item-48bd705 swiper-slide\" role=\"group\" aria-roledescription=\"slide\"><div class=\"swiper-slide-bg elementor-ken-burns elementor-ken-burns--in\" role=\"img\" aria-label=\"RETREAT-ATTENDEES-SLIDES-D--(5-24)-DSC00515-copy-2-2-2\"><\/div><div class=\"swiper-slide-inner\" ><div class=\"swiper-slide-contents\"><\/div><\/div><\/div>\t\t\t\t<\/div>\n\t\t\t\t\t\t\t\t\t\t\t\t\t\t\t<div class=\"elementor-swiper-button elementor-swiper-button-prev\" role=\"button\" tabindex=\"0\" aria-label=\"Diapositiva anterior\">\n\t\t\t\t\t\t\t<i aria-hidden=\"true\" class=\"eicon-chevron-left\"><\/i>\t\t\t\t\t\t<\/div>\n\t\t\t\t\t\t<div class=\"elementor-swiper-button elementor-swiper-button-next\" role=\"button\" tabindex=\"0\" aria-label=\"Siguiente diapositiva\">\n\t\t\t\t\t\t\t<i aria-hidden=\"true\" class=\"eicon-chevron-right\"><\/i>\t\t\t\t\t\t<\/div>\n\t\t\t\t\t\t\t\t\t\t\t\t\t\t\t\t<div class=\"swiper-pagination\"><\/div>\n\t\t\t\t\t\t\t\t\t\t\t\t<\/div>\n\t\t\t\t<\/div>\n\t\t\t\t\t\t\t\t<\/div>\n\t\t\t\t<\/div>\n\t\t\t\t\t<\/div>\n\t\t<\/div>\n\t\t\t\t\t<\/div>\n\t\t<\/section>\n\t\t\t\t<section class=\"elementor-section elementor-top-section elementor-element elementor-element-ccecdc2 elementor-section-boxed elementor-section-height-default elementor-section-height-default\" data-id=\"ccecdc2\" data-element_type=\"section\" data-e-type=\"section\">\n\t\t\t\t\t\t<div class=\"elementor-container elementor-column-gap-default\">\n\t\t\t\t\t<div class=\"elementor-column elementor-col-100 elementor-top-column elementor-element elementor-element-00cb92a\" data-id=\"00cb92a\" data-element_type=\"column\" data-e-type=\"column\">\n\t\t\t<div class=\"elementor-widget-wrap elementor-element-populated\">\n\t\t\t\t\t\t<div class=\"elementor-element elementor-element-db9c0e2 elementor-widget elementor-widget-heading\" data-id=\"db9c0e2\" data-element_type=\"widget\" data-e-type=\"widget\" data-widget_type=\"heading.default\">\n\t\t\t\t<div class=\"elementor-widget-container\">\n\t\t\t\t\t<h2 class=\"elementor-heading-title elementor-size-default\">HUESPEDES DEL RETIRO<\/h2>\t\t\t\t<\/div>\n\t\t\t\t<\/div>\n\t\t\t\t<div class=\"elementor-element elementor-element-efa2766 elementor-widget-divider--view-line elementor-widget elementor-widget-divider\" data-id=\"efa2766\" data-element_type=\"widget\" data-e-type=\"widget\" data-widget_type=\"divider.default\">\n\t\t\t\t<div class=\"elementor-widget-container\">\n\t\t\t\t\t\t\t<div class=\"elementor-divider\">\n\t\t\t<span class=\"elementor-divider-separator\">\n\t\t\t\t\t\t<\/span>\n\t\t<\/div>\n\t\t\t\t\t\t<\/div>\n\t\t\t\t<\/div>\n\t\t\t\t<div class=\"elementor-element elementor-element-cbad15f elementor-widget elementor-widget-text-editor\" data-id=\"cbad15f\" data-element_type=\"widget\" data-e-type=\"widget\" data-widget_type=\"text-editor.default\">\n\t\t\t\t<div class=\"elementor-widget-container\">\n\t\t\t\t\t\t\t\t\t<h3 style=\"font-size: 18px; text-decoration: underline; margin-bottom: 0;\">TE VA A ENCANTAR<\/h3><p style=\"margin-top: 0;\">Si eres un hu\u00e9sped de retiro, o alguien considerando asistir a uno, te va a encantar Baja Serenity. Somos la mezcla perfecta entre lujo y rusticidad. Nuestra ubicaci\u00f3n es excepcional, ya que estamos justo frente al agua. Nuestra palapa-comedor y lounge est\u00e1n junto a la plunge pool, ambos con vistas impresionantes al mar. Y todas nuestras \u00e1reas comunes, al igual que tu habitaci\u00f3n, est\u00e1n a solo un minuto caminando de la playa.<\/p><h3 style=\"font-size: 18px; text-decoration: underline; margin-bottom: 0;\">DISE\u00d1ADO PENSANDO EN LOS HUESPEDES DE RETIROS<\/h3><p style=\"margin-top: 0;\">Todas las habitaciones est\u00e1n bellamente decoradas con mobiliario seleccionado por una dise\u00f1adora con amplia experiencia en retiros. Ella comprende el deseo de los hu\u00e9spedes de privacidad y tranquilidad (\u00a1y de lencer\u00eda fina!) cuando es momento de \u201cretirarse\u201d del retiro.\nTambi\u00e9n ha creado excelentes espacios compartidos, porque las reuniones grupales son lo que hacen que un retiro sea tan especial. Ha dise\u00f1ado rincones \u00edntimos para conversaciones de 2, 3 o 5 personas; y espacios m\u00e1s amplios que permanecen c\u00e1lidos y acogedores, donde todo el grupo puede reunirse para compartir historias, conversaciones profundas y comidas.<\/p><h3 style=\"font-size: 18px; text-decoration: underline; margin-bottom: 0;\">\u00a1BIENVENIDOS!<\/h3><p style=\"margin-top: 0;\">Sean muy bienvenidos. Ya sea que vengas para un retiro de yoga, una escapada de buceo, un taller de escritura, una boda, una inmersi\u00f3n culinaria, un encuentro naturalista o un team building corporativo, Serenity Reef es ideal para ti.\nSi a\u00fan no te has inscrito en un retiro espec\u00edfico, para el verano de 2023 anticipamos publicar en esta p\u00e1gina los pr\u00f3ximos retiros abiertos para todos los hu\u00e9spedes, permiti\u00e9ndote registrarte y unirte al retiro de tu elecci\u00f3n.<br \/><br \/>Tambi\u00e9n puedes considerar organizar tu propio grupo \u2014una reuni\u00f3n o cualquier tipo de encuentro\u2014 que ser\u00e1 perfecto en Baja Serenity. Estamos aqu\u00ed para ayudarte a estructurarlo.<\/p>\t\t\t\t\t\t\t\t<\/div>\n\t\t\t\t<\/div>\n\t\t\t\t<div class=\"elementor-element elementor-element-dae0a44 elementor-widget elementor-widget-gallery\" data-id=\"dae0a44\" data-element_type=\"widget\" data-e-type=\"widget\" data-settings=\"{&quot;gallery_layout&quot;:&quot;masonry&quot;,&quot;columns&quot;:3,&quot;lazyload&quot;:&quot;yes&quot;,&quot;columns_tablet&quot;:2,&quot;columns_mobile&quot;:1,&quot;gap&quot;:{&quot;unit&quot;:&quot;px&quot;,&quot;size&quot;:10,&quot;sizes&quot;:[]},&quot;gap_tablet&quot;:{&quot;unit&quot;:&quot;px&quot;,&quot;size&quot;:10,&quot;sizes&quot;:[]},&quot;gap_mobile&quot;:{&quot;unit&quot;:&quot;px&quot;,&quot;size&quot;:10,&quot;sizes&quot;:[]},&quot;link_to&quot;:&quot;file&quot;,&quot;overlay_background&quot;:&quot;yes&quot;,&quot;content_hover_animation&quot;:&quot;fade-in&quot;}\" data-widget_type=\"gallery.default\">\n\t\t\t\t<div class=\"elementor-widget-container\">\n\t\t\t\t\t\t\t<div class=\"elementor-gallery__container\">\n\t\t\t\t\t\t\t<a class=\"e-gallery-item elementor-gallery-item elementor-animated-content\" href=\"https:\/\/bajaserenity.com\/wp-content\/uploads\/2023\/05\/YOGA-RETREAT-GUESTS-Z1.jpg\" data-elementor-open-lightbox=\"yes\" data-elementor-lightbox-slideshow=\"dae0a44\" data-elementor-lightbox-title=\"YOGA-RETREAT-GUESTS-Z1\" data-e-action-hash=\"#elementor-action%3Aaction%3Dlightbox%26settings%3DeyJpZCI6MjU2NCwidXJsIjoiaHR0cHM6XC9cL2JhamFzZXJlbml0eS5jb21cL3dwLWNvbnRlbnRcL3VwbG9hZHNcLzIwMjNcLzA1XC9ZT0dBLVJFVFJFQVQtR1VFU1RTLVoxLmpwZyIsInNsaWRlc2hvdyI6ImRhZTBhNDQifQ%3D%3D\">\n\t\t\t\t\t<div class=\"e-gallery-image elementor-gallery-item__image\" data-thumbnail=\"https:\/\/bajaserenity.com\/wp-content\/uploads\/2023\/05\/YOGA-RETREAT-GUESTS-Z1.jpg\" data-width=\"800\" data-height=\"1023\" aria-label=\"\" role=\"img\" ><\/div>\n\t\t\t\t\t\t\t\t\t\t\t<div class=\"elementor-gallery-item__overlay\"><\/div>\n\t\t\t\t\t\t\t\t\t\t\t\t\t\t<\/a>\n\t\t\t\t\t\t\t<a class=\"e-gallery-item elementor-gallery-item elementor-animated-content\" href=\"https:\/\/bajaserenity.com\/wp-content\/uploads\/2023\/05\/Z2-5-24-DSC_1772_edit-copy.jpg\" data-elementor-open-lightbox=\"yes\" data-elementor-lightbox-slideshow=\"dae0a44\" data-elementor-lightbox-title=\"Z2--(5-24)-DSC_1772_edit-copy\" data-e-action-hash=\"#elementor-action%3Aaction%3Dlightbox%26settings%3DeyJpZCI6MjUyNiwidXJsIjoiaHR0cHM6XC9cL2JhamFzZXJlbml0eS5jb21cL3dwLWNvbnRlbnRcL3VwbG9hZHNcLzIwMjNcLzA1XC9aMi01LTI0LURTQ18xNzcyX2VkaXQtY29weS5qcGciLCJzbGlkZXNob3ciOiJkYWUwYTQ0In0%3D\">\n\t\t\t\t\t<div class=\"e-gallery-image elementor-gallery-item__image\" data-thumbnail=\"https:\/\/bajaserenity.com\/wp-content\/uploads\/2023\/05\/Z2-5-24-DSC_1772_edit-copy.jpg\" data-width=\"1000\" data-height=\"680\" aria-label=\"\" role=\"img\" ><\/div>\n\t\t\t\t\t\t\t\t\t\t\t<div class=\"elementor-gallery-item__overlay\"><\/div>\n\t\t\t\t\t\t\t\t\t\t\t\t\t\t<\/a>\n\t\t\t\t\t\t\t<a class=\"e-gallery-item elementor-gallery-item elementor-animated-content\" href=\"https:\/\/bajaserenity.com\/wp-content\/uploads\/2023\/02\/YOGA-RETREATS-Z-shutterstock_1389561695-copy.jpg\" data-elementor-open-lightbox=\"yes\" data-elementor-lightbox-slideshow=\"dae0a44\" data-elementor-lightbox-title=\"YOGA-RETREATS-Z--shutterstock_1389561695-copy\" data-e-action-hash=\"#elementor-action%3Aaction%3Dlightbox%26settings%3DeyJpZCI6MTcwNCwidXJsIjoiaHR0cHM6XC9cL2JhamFzZXJlbml0eS5jb21cL3dwLWNvbnRlbnRcL3VwbG9hZHNcLzIwMjNcLzAyXC9ZT0dBLVJFVFJFQVRTLVotc2h1dHRlcnN0b2NrXzEzODk1NjE2OTUtY29weS5qcGciLCJzbGlkZXNob3ciOiJkYWUwYTQ0In0%3D\">\n\t\t\t\t\t<div class=\"e-gallery-image elementor-gallery-item__image\" data-thumbnail=\"https:\/\/bajaserenity.com\/wp-content\/uploads\/2023\/02\/YOGA-RETREATS-Z-shutterstock_1389561695-copy.jpg\" data-width=\"800\" data-height=\"1200\" aria-label=\"\" role=\"img\" ><\/div>\n\t\t\t\t\t\t\t\t\t\t\t<div class=\"elementor-gallery-item__overlay\"><\/div>\n\t\t\t\t\t\t\t\t\t\t\t\t\t\t<\/a>\n\t\t\t\t\t\t\t<a class=\"e-gallery-item elementor-gallery-item elementor-animated-content\" href=\"https:\/\/bajaserenity.com\/wp-content\/uploads\/2023\/05\/Z6-5-24-Beverages-copy.jpg\" data-elementor-open-lightbox=\"yes\" data-elementor-lightbox-slideshow=\"dae0a44\" data-elementor-lightbox-title=\"Z6--(5-24)-Beverages-copy\" data-e-action-hash=\"#elementor-action%3Aaction%3Dlightbox%26settings%3DeyJpZCI6MjUyOCwidXJsIjoiaHR0cHM6XC9cL2JhamFzZXJlbml0eS5jb21cL3dwLWNvbnRlbnRcL3VwbG9hZHNcLzIwMjNcLzA1XC9aNi01LTI0LUJldmVyYWdlcy1jb3B5LmpwZyIsInNsaWRlc2hvdyI6ImRhZTBhNDQifQ%3D%3D\">\n\t\t\t\t\t<div class=\"e-gallery-image elementor-gallery-item__image\" data-thumbnail=\"https:\/\/bajaserenity.com\/wp-content\/uploads\/2023\/05\/Z6-5-24-Beverages-copy.jpg\" data-width=\"1000\" data-height=\"1333\" aria-label=\"\" role=\"img\" ><\/div>\n\t\t\t\t\t\t\t\t\t\t\t<div class=\"elementor-gallery-item__overlay\"><\/div>\n\t\t\t\t\t\t\t\t\t\t\t\t\t\t<\/a>\n\t\t\t\t\t\t\t<a class=\"e-gallery-item elementor-gallery-item elementor-animated-content\" href=\"https:\/\/bajaserenity.com\/wp-content\/uploads\/2023\/05\/Z4-5-24-YOGA_DUO-5-copy.jpg\" data-elementor-open-lightbox=\"yes\" data-elementor-lightbox-slideshow=\"dae0a44\" data-elementor-lightbox-title=\"Z4--(5-24)-YOGA_DUO-5-copy\" data-e-action-hash=\"#elementor-action%3Aaction%3Dlightbox%26settings%3DeyJpZCI6MjUyNywidXJsIjoiaHR0cHM6XC9cL2JhamFzZXJlbml0eS5jb21cL3dwLWNvbnRlbnRcL3VwbG9hZHNcLzIwMjNcLzA1XC9aNC01LTI0LVlPR0FfRFVPLTUtY29weS5qcGciLCJzbGlkZXNob3ciOiJkYWUwYTQ0In0%3D\">\n\t\t\t\t\t<div class=\"e-gallery-image elementor-gallery-item__image\" data-thumbnail=\"https:\/\/bajaserenity.com\/wp-content\/uploads\/2023\/05\/Z4-5-24-YOGA_DUO-5-copy.jpg\" data-width=\"1000\" data-height=\"946\" aria-label=\"\" role=\"img\" ><\/div>\n\t\t\t\t\t\t\t\t\t\t\t<div class=\"elementor-gallery-item__overlay\"><\/div>\n\t\t\t\t\t\t\t\t\t\t\t\t\t\t<\/a>\n\t\t\t\t\t\t\t<a class=\"e-gallery-item elementor-gallery-item elementor-animated-content\" href=\"https:\/\/bajaserenity.com\/wp-content\/uploads\/2023\/03\/daisies.jpg\" data-elementor-open-lightbox=\"yes\" data-elementor-lightbox-slideshow=\"dae0a44\" data-elementor-lightbox-title=\"daisies\" data-e-action-hash=\"#elementor-action%3Aaction%3Dlightbox%26settings%3DeyJpZCI6MjA5NCwidXJsIjoiaHR0cHM6XC9cL2JhamFzZXJlbml0eS5jb21cL3dwLWNvbnRlbnRcL3VwbG9hZHNcLzIwMjNcLzAzXC9kYWlzaWVzLmpwZyIsInNsaWRlc2hvdyI6ImRhZTBhNDQifQ%3D%3D\">\n\t\t\t\t\t<div class=\"e-gallery-image elementor-gallery-item__image\" data-thumbnail=\"https:\/\/bajaserenity.com\/wp-content\/uploads\/2023\/03\/daisies.jpg\" data-width=\"1000\" data-height=\"666\" aria-label=\"\" role=\"img\" ><\/div>\n\t\t\t\t\t\t\t\t\t\t\t<div class=\"elementor-gallery-item__overlay\"><\/div>\n\t\t\t\t\t\t\t\t\t\t\t\t\t\t<\/a>\n\t\t\t\t\t<\/div>\n\t\t\t\t\t<\/div>\n\t\t\t\t<\/div>\n\t\t\t\t\t<\/div>\n\t\t<\/div>\n\t\t\t\t\t<\/div>\n\t\t<\/section>\n\t\t\t\t<\/div>","protected":false},"excerpt":{"rendered":"<p>Previous slide Next slide YOUR ARE GOING TO LOVE IT If you are a retreat guest, or someone considering coming to a retreat, you are going to love Baja Serenity. We are the perfect blend of luxe and rustic. Our location is exceptional as we are directly on the water. Our dining palapa and lounge&#8230;<\/p>","protected":false},"author":1,"featured_media":0,"parent":1055,"menu_order":0,"comment_status":"closed","ping_status":"closed","template":"elementor_header_footer","meta":{"_uf_show_specific_survey":0,"_uf_disable_surveys":false,"_kad_post_transparent":"","_kad_post_title":"hide","_kad_post_layout":"fullwidth","_kad_post_sidebar_id":"","_kad_post_content_style":"unboxed","_kad_post_vertical_padding":"hide","_kad_post_feature":"hide","_kad_post_feature_position":"","_kad_post_header":false,"_kad_post_footer":false,"footnotes":""},"class_list":["post-2085","page","type-page","status-publish","hentry"],"aioseo_notices":[],"yoast_head":"<!-- This site is optimized with the Yoast SEO plugin v27.3 - https:\/\/yoast.com\/product\/yoast-seo-wordpress\/ -->\n<title>RETREAT GUESTS - BAJA SERENITY<\/title>\n<meta name=\"robots\" content=\"index, follow, max-snippet:-1, max-image-preview:large, max-video-preview:-1\" \/>\n<link rel=\"canonical\" href=\"https:\/\/bajaserenity.com\/es\/yoga-retreats\/retreat-guests\/\" \/>\n<meta property=\"og:locale\" content=\"es_MX\" \/>\n<meta property=\"og:type\" content=\"article\" \/>\n<meta property=\"og:title\" content=\"RETREAT GUESTS - BAJA SERENITY\" \/>\n<meta property=\"og:description\" content=\"Previous slide Next slide YOUR ARE GOING TO LOVE IT If you are a retreat guest, or someone considering coming to a retreat, you are going to love Baja Serenity. We are the perfect blend of luxe and rustic. Our location is exceptional as we are directly on the water. Our dining palapa and lounge...\" \/>\n<meta property=\"og:url\" content=\"https:\/\/bajaserenity.com\/es\/yoga-retreats\/retreat-guests\/\" \/>\n<meta property=\"og:site_name\" content=\"BAJA SERENITY\" \/>\n<meta property=\"article:publisher\" content=\"https:\/\/www.facebook.com\/BajaSerenity\" \/>\n<meta property=\"article:modified_time\" content=\"2023-05-30T23:42:03+00:00\" \/>\n<meta name=\"twitter:card\" content=\"summary_large_image\" \/>\n<meta name=\"twitter:label1\" content=\"Est. reading time\" \/>\n\t<meta name=\"twitter:data1\" content=\"1 minuto\" \/>\n<script type=\"application\/ld+json\" class=\"yoast-schema-graph\">{\"@context\":\"https:\\\/\\\/schema.org\",\"@graph\":[{\"@type\":\"WebPage\",\"@id\":\"https:\\\/\\\/bajaserenity.com\\\/yoga-retreats\\\/retreat-guests\\\/\",\"url\":\"https:\\\/\\\/bajaserenity.com\\\/yoga-retreats\\\/retreat-guests\\\/\",\"name\":\"RETREAT GUESTS - BAJA SERENITY\",\"isPartOf\":{\"@id\":\"https:\\\/\\\/bajaserenity.com\\\/#website\"},\"datePublished\":\"2023-03-01T21:40:45+00:00\",\"dateModified\":\"2023-05-30T23:42:03+00:00\",\"breadcrumb\":{\"@id\":\"https:\\\/\\\/bajaserenity.com\\\/yoga-retreats\\\/retreat-guests\\\/#breadcrumb\"},\"inLanguage\":\"es\",\"potentialAction\":[{\"@type\":\"ReadAction\",\"target\":[\"https:\\\/\\\/bajaserenity.com\\\/yoga-retreats\\\/retreat-guests\\\/\"]}]},{\"@type\":\"BreadcrumbList\",\"@id\":\"https:\\\/\\\/bajaserenity.com\\\/yoga-retreats\\\/retreat-guests\\\/#breadcrumb\",\"itemListElement\":[{\"@type\":\"ListItem\",\"position\":1,\"name\":\"Home\",\"item\":\"https:\\\/\\\/bajaserenity.com\\\/\"},{\"@type\":\"ListItem\",\"position\":2,\"name\":\"Yoga Retreats +\",\"item\":\"https:\\\/\\\/bajaserenity.com\\\/yoga-retreats\\\/\"},{\"@type\":\"ListItem\",\"position\":3,\"name\":\"RETREAT GUESTS\"}]},{\"@type\":\"WebSite\",\"@id\":\"https:\\\/\\\/bajaserenity.com\\\/#website\",\"url\":\"https:\\\/\\\/bajaserenity.com\\\/\",\"name\":\"BAJA SERENITY\",\"description\":\"A luxury destination\",\"publisher\":{\"@id\":\"https:\\\/\\\/bajaserenity.com\\\/#organization\"},\"potentialAction\":[{\"@type\":\"SearchAction\",\"target\":{\"@type\":\"EntryPoint\",\"urlTemplate\":\"https:\\\/\\\/bajaserenity.com\\\/?s={search_term_string}\"},\"query-input\":{\"@type\":\"PropertyValueSpecification\",\"valueRequired\":true,\"valueName\":\"search_term_string\"}}],\"inLanguage\":\"es\"},{\"@type\":\"Organization\",\"@id\":\"https:\\\/\\\/bajaserenity.com\\\/#organization\",\"name\":\"BAJA SERENITY\",\"url\":\"https:\\\/\\\/bajaserenity.com\\\/\",\"logo\":{\"@type\":\"ImageObject\",\"inLanguage\":\"es\",\"@id\":\"https:\\\/\\\/bajaserenity.com\\\/#\\\/schema\\\/logo\\\/image\\\/\",\"url\":\"https:\\\/\\\/bajaserenity.com\\\/wp-content\\\/uploads\\\/2024\\\/10\\\/SERENITY-REEF-PROFILE-PIC-68.jpg\",\"contentUrl\":\"https:\\\/\\\/bajaserenity.com\\\/wp-content\\\/uploads\\\/2024\\\/10\\\/SERENITY-REEF-PROFILE-PIC-68.jpg\",\"width\":1667,\"height\":1667,\"caption\":\"BAJA SERENITY\"},\"image\":{\"@id\":\"https:\\\/\\\/bajaserenity.com\\\/#\\\/schema\\\/logo\\\/image\\\/\"},\"sameAs\":[\"https:\\\/\\\/www.facebook.com\\\/BajaSerenity\",\"https:\\\/\\\/www.instagram.com\\\/bajaserenity\"]}]}<\/script>\n<!-- \/ Yoast SEO plugin. -->","yoast_head_json":{"title":"RETREAT GUESTS - BAJA SERENITY","robots":{"index":"index","follow":"follow","max-snippet":"max-snippet:-1","max-image-preview":"max-image-preview:large","max-video-preview":"max-video-preview:-1"},"canonical":"https:\/\/bajaserenity.com\/es\/yoga-retreats\/retreat-guests\/","og_locale":"es_MX","og_type":"article","og_title":"RETREAT GUESTS - BAJA SERENITY","og_description":"Previous slide Next slide YOUR ARE GOING TO LOVE IT If you are a retreat guest, or someone considering coming to a retreat, you are going to love Baja Serenity. We are the perfect blend of luxe and rustic. Our location is exceptional as we are directly on the water. Our dining palapa and lounge...","og_url":"https:\/\/bajaserenity.com\/es\/yoga-retreats\/retreat-guests\/","og_site_name":"BAJA SERENITY","article_publisher":"https:\/\/www.facebook.com\/BajaSerenity","article_modified_time":"2023-05-30T23:42:03+00:00","twitter_card":"summary_large_image","twitter_misc":{"Est. reading time":"1 minuto"},"schema":{"@context":"https:\/\/schema.org","@graph":[{"@type":"WebPage","@id":"https:\/\/bajaserenity.com\/yoga-retreats\/retreat-guests\/","url":"https:\/\/bajaserenity.com\/yoga-retreats\/retreat-guests\/","name":"RETREAT GUESTS - BAJA SERENITY","isPartOf":{"@id":"https:\/\/bajaserenity.com\/#website"},"datePublished":"2023-03-01T21:40:45+00:00","dateModified":"2023-05-30T23:42:03+00:00","breadcrumb":{"@id":"https:\/\/bajaserenity.com\/yoga-retreats\/retreat-guests\/#breadcrumb"},"inLanguage":"es","potentialAction":[{"@type":"ReadAction","target":["https:\/\/bajaserenity.com\/yoga-retreats\/retreat-guests\/"]}]},{"@type":"BreadcrumbList","@id":"https:\/\/bajaserenity.com\/yoga-retreats\/retreat-guests\/#breadcrumb","itemListElement":[{"@type":"ListItem","position":1,"name":"Home","item":"https:\/\/bajaserenity.com\/"},{"@type":"ListItem","position":2,"name":"Yoga Retreats +","item":"https:\/\/bajaserenity.com\/yoga-retreats\/"},{"@type":"ListItem","position":3,"name":"RETREAT GUESTS"}]},{"@type":"WebSite","@id":"https:\/\/bajaserenity.com\/#website","url":"https:\/\/bajaserenity.com\/","name":"BAJA SERENITY","description":"A luxury destination","publisher":{"@id":"https:\/\/bajaserenity.com\/#organization"},"potentialAction":[{"@type":"SearchAction","target":{"@type":"EntryPoint","urlTemplate":"https:\/\/bajaserenity.com\/?s={search_term_string}"},"query-input":{"@type":"PropertyValueSpecification","valueRequired":true,"valueName":"search_term_string"}}],"inLanguage":"es"},{"@type":"Organization","@id":"https:\/\/bajaserenity.com\/#organization","name":"BAJA SERENITY","url":"https:\/\/bajaserenity.com\/","logo":{"@type":"ImageObject","inLanguage":"es","@id":"https:\/\/bajaserenity.com\/#\/schema\/logo\/image\/","url":"https:\/\/bajaserenity.com\/wp-content\/uploads\/2024\/10\/SERENITY-REEF-PROFILE-PIC-68.jpg","contentUrl":"https:\/\/bajaserenity.com\/wp-content\/uploads\/2024\/10\/SERENITY-REEF-PROFILE-PIC-68.jpg","width":1667,"height":1667,"caption":"BAJA SERENITY"},"image":{"@id":"https:\/\/bajaserenity.com\/#\/schema\/logo\/image\/"},"sameAs":["https:\/\/www.facebook.com\/BajaSerenity","https:\/\/www.instagram.com\/bajaserenity"]}]}},"_links":{"self":[{"href":"https:\/\/bajaserenity.com\/es\/wp-json\/wp\/v2\/pages\/2085","targetHints":{"allow":["GET"]}}],"collection":[{"href":"https:\/\/bajaserenity.com\/es\/wp-json\/wp\/v2\/pages"}],"about":[{"href":"https:\/\/bajaserenity.com\/es\/wp-json\/wp\/v2\/types\/page"}],"author":[{"embeddable":true,"href":"https:\/\/bajaserenity.com\/es\/wp-json\/wp\/v2\/users\/1"}],"replies":[{"embeddable":true,"href":"https:\/\/bajaserenity.com\/es\/wp-json\/wp\/v2\/comments?post=2085"}],"version-history":[{"count":0,"href":"https:\/\/bajaserenity.com\/es\/wp-json\/wp\/v2\/pages\/2085\/revisions"}],"up":[{"embeddable":true,"href":"https:\/\/bajaserenity.com\/es\/wp-json\/wp\/v2\/pages\/1055"}],"wp:attachment":[{"href":"https:\/\/bajaserenity.com\/es\/wp-json\/wp\/v2\/media?parent=2085"}],"curies":[{"name":"wp","href":"https:\/\/api.w.org\/{rel}","templated":true}]}}