{"id":2623,"date":"2024-02-05T21:56:23","date_gmt":"2024-02-05T21:56:23","guid":{"rendered":"https:\/\/bajaserenity.com\/?page_id=2623"},"modified":"2025-11-13T19:33:26","modified_gmt":"2025-11-13T19:33:26","slug":"upcoming-retreats","status":"publish","type":"page","link":"https:\/\/bajaserenity.com\/es\/upcoming-retreats\/","title":{"rendered":"Pr\u00d3ximos retiros"},"content":{"rendered":"<div data-elementor-type=\"wp-page\" data-elementor-id=\"2623\" class=\"elementor elementor-2623\" data-elementor-post-type=\"page\">\n\t\t\t\t\t\t<section class=\"elementor-section elementor-top-section elementor-element elementor-element-f830e19 elementor-section-height-min-height elementor-section-boxed elementor-section-height-default elementor-section-items-middle\" data-id=\"f830e19\" data-element_type=\"section\" data-e-type=\"section\">\n\t\t\t\t\t\t<div class=\"elementor-container elementor-column-gap-default\">\n\t\t\t\t\t<div class=\"elementor-column elementor-col-100 elementor-top-column elementor-element elementor-element-67f88ee\" data-id=\"67f88ee\" data-element_type=\"column\" data-e-type=\"column\">\n\t\t\t<div class=\"elementor-widget-wrap elementor-element-populated\">\n\t\t\t\t\t\t<div class=\"elementor-element elementor-element-99a55b7 elementor-widget-divider--view-line elementor-widget elementor-widget-divider\" data-id=\"99a55b7\" data-element_type=\"widget\" data-e-type=\"widget\" data-widget_type=\"divider.default\">\n\t\t\t\t<div class=\"elementor-widget-container\">\n\t\t\t\t\t\t\t<div class=\"elementor-divider\">\n\t\t\t<span class=\"elementor-divider-separator\">\n\t\t\t\t\t\t<\/span>\n\t\t<\/div>\n\t\t\t\t\t\t<\/div>\n\t\t\t\t<\/div>\n\t\t\t\t<div class=\"elementor-element elementor-element-2f34011 elementor-widget__width-initial elementor-widget elementor-widget-text-editor\" data-id=\"2f34011\" data-element_type=\"widget\" data-e-type=\"widget\" data-widget_type=\"text-editor.default\">\n\t\t\t\t<div class=\"elementor-widget-container\">\n\t\t\t\t\t\t\t\t\t<h3>4 AL 10 DE NOVIEMBRE DE 2025<\/h3><h6>Kick Back &amp; Create<\/h6><h6><i><span style=\"font-weight: normal;\">Una magn\u00edfica inmersi\u00f3n profunda en tu vida, tanto en la p\u00e1gina como fuera de ella.\nSiete d\u00edas y seis noches en un rinc\u00f3n completamente m\u00e1gico del mundo.\nTus sentidos y tu coraz\u00f3n se llenar\u00e1n con sesiones diarias de escritura, deliciosas comidas preparadas por un chef, amaneceres espectaculares y chapuzones en el Mar de Cort\u00e9s, en Cabo Pulmo, Baja Sur, M\u00e9xico.<\/span><\/i><\/h6><p><a href=\"https:\/\/tastywords.com\/kick-back-and-create-in-baja-serenity\/\">Kick Back &amp; Create<\/a><\/p>\t\t\t\t\t\t\t\t<\/div>\n\t\t\t\t<\/div>\n\t\t\t\t<div class=\"elementor-element elementor-element-7a39bde elementor-widget-divider--view-line elementor-widget elementor-widget-divider\" data-id=\"7a39bde\" data-element_type=\"widget\" data-e-type=\"widget\" data-widget_type=\"divider.default\">\n\t\t\t\t<div class=\"elementor-widget-container\">\n\t\t\t\t\t\t\t<div class=\"elementor-divider\">\n\t\t\t<span class=\"elementor-divider-separator\">\n\t\t\t\t\t\t<\/span>\n\t\t<\/div>\n\t\t\t\t\t\t<\/div>\n\t\t\t\t<\/div>\n\t\t\t\t<div class=\"elementor-element elementor-element-12ce24c elementor-widget__width-initial elementor-widget elementor-widget-text-editor\" data-id=\"12ce24c\" data-element_type=\"widget\" data-e-type=\"widget\" data-widget_type=\"text-editor.default\">\n\t\t\t\t<div class=\"elementor-widget-container\">\n\t\t\t\t\t\t\t\t\t<h3>10 AL 17 DE ENERO DE 2026<\/h3><h6>Soul Reflections Iboga Retreats and Community: Step Into Your Design<\/h6><h6><i><span style=\"font-weight: normal;\">7 noches, 2 ceremonias de Iboga.<\/span><\/i><\/h6><h6 class=\"translation-block\"><i><span style=\"font-weight: normal\"><br data-start=\"199\" data-end=\"202\">Con\u00e9ctate profundamente con <strong data-start=\"923\" data-end=\"963\">Iboga en un contenedor tradicional honrado por Bwiti,<\/strong>, guiado por nuestro experimentado equipo de facilitadores plenamente iniciados.\nLibera patrones antiguos, profundiza en el amor propio y recon\u00e9ctate con <strong data-start=\"1088\" data-end=\"1098\">el dise\u00f1o original de tu alma.<\/strong><br data-start=\"1144\" data-end=\"1147\">Incluye ceremonias, c\u00edrculos de integraci\u00f3n, breathwork, comidas nutritivas, actividades suaves y preparaci\u00f3n e integraci\u00f3n en l\u00ednea.<\/span><\/i><\/h6><p><a href=\"https:\/\/soulreflections.net\/\">Soul Reflections<\/a><\/p><p>Reserva tu lugar aqu\u00ed: <a style=\"font-size: 15px; font-weight: 400;\" href=\"https:\/\/survey.zohopublic.ca\/zs\/ouBU6u\">Iboga Retreat<\/a><\/p>\t\t\t\t\t\t\t\t<\/div>\n\t\t\t\t<\/div>\n\t\t\t\t<div class=\"elementor-element elementor-element-c52be22 elementor-widget-divider--view-line elementor-widget elementor-widget-divider\" data-id=\"c52be22\" data-element_type=\"widget\" data-e-type=\"widget\" data-widget_type=\"divider.default\">\n\t\t\t\t<div class=\"elementor-widget-container\">\n\t\t\t\t\t\t\t<div class=\"elementor-divider\">\n\t\t\t<span class=\"elementor-divider-separator\">\n\t\t\t\t\t\t<\/span>\n\t\t<\/div>\n\t\t\t\t\t\t<\/div>\n\t\t\t\t<\/div>\n\t\t\t\t<div class=\"elementor-element elementor-element-4f69e33 elementor-widget elementor-widget-text-editor\" data-id=\"4f69e33\" data-element_type=\"widget\" data-e-type=\"widget\" data-widget_type=\"text-editor.default\">\n\t\t\t\t<div class=\"elementor-widget-container\">\n\t\t\t\t\t\t\t\t\t<h3>23 AL 30 DE ENERO DE 2026<\/h3><h6>Soul Reflections Iboga Retreats and Community: Step Into Your Design<\/h6><h6 class=\"translation-block\"><i><span style=\"font-weight: normal\">7 noches, 2 ceremonias de Iboga.<br data-start=\"199\" data-end=\"202\">Con\u00e9ctate profundamente con <strong data-start=\"923\" data-end=\"963\">Iboga en un contenedor tradicional honrado por Bwiti,<\/strong>, guiado por nuestro experimentado equipo de facilitadores plenamente iniciados.\nLibera patrones antiguos, profundiza en el amor propio y recon\u00e9ctate con <strong data-start=\"1088\" data-end=\"1098\">el dise\u00f1o original de tu alma.<\/strong><br data-start=\"1144\" data-end=\"1147\">Incluye ceremonias, c\u00edrculos de integraci\u00f3n, breathwork, comidas nutritivas, actividades suaves y preparaci\u00f3n e integraci\u00f3n en l\u00ednea.<\/span><\/i><\/h6><p><a href=\"https:\/\/soulreflections.net\/\">Soul Reflections<\/a><\/p><p>Reserva tu lugar aqu\u00ed: <a style=\"font-size: 15px; font-weight: 400;\" href=\"https:\/\/survey.zohopublic.ca\/zs\/ouBU6u\">Iboga Retreat<\/a><\/p>\t\t\t\t\t\t\t\t<\/div>\n\t\t\t\t<\/div>\n\t\t\t\t<div class=\"elementor-element elementor-element-141c92a elementor-widget-divider--view-line elementor-widget elementor-widget-divider\" data-id=\"141c92a\" data-element_type=\"widget\" data-e-type=\"widget\" data-widget_type=\"divider.default\">\n\t\t\t\t<div class=\"elementor-widget-container\">\n\t\t\t\t\t\t\t<div class=\"elementor-divider\">\n\t\t\t<span class=\"elementor-divider-separator\">\n\t\t\t\t\t\t<\/span>\n\t\t<\/div>\n\t\t\t\t\t\t<\/div>\n\t\t\t\t<\/div>\n\t\t\t\t<div class=\"elementor-element elementor-element-114c278 elementor-widget elementor-widget-text-editor\" data-id=\"114c278\" data-element_type=\"widget\" data-e-type=\"widget\" data-widget_type=\"text-editor.default\">\n\t\t\t\t<div class=\"elementor-widget-container\">\n\t\t\t\t\t\t\t\t\t<h3>22 AL 27 DE FEBRERO DE 2026<\/h3><h6><b>EmpowerHer: Un Viaje Hacia el Interior<\/b><\/h6><h6><i><span style=\"font-weight: normal;\"><em data-start=\"174\" data-end=\"199\">Organizado por Pamela Grosam.<\/em><br data-start=\"199\" data-end=\"202\" \/>Nuestro retiro para mujeres est\u00e1 dise\u00f1ado para despertar tu verdad interior y nutrir tu esp\u00edritu. Juntas, emprenderemos un viaje hacia el alma a trav\u00e9s del movimiento sanador, la ceremonia sagrada y la quietud, equilibrando un trabajo interior profundo con tiempo amplio para descansar, reflexionar y disfrutar de la belleza del desierto y el mar de Baja. Este retiro ofrece un espacio sagrado para reconectar, liberar y recordar qui\u00e9n eres realmente.<br \/><\/span><\/i><\/h6><p>Reserva tu lugar aqu\u00ed: <a style=\"font-size: 15px; font-weight: 400;\" href=\"https:\/\/www.pamgrosam.com\">EmpowerHER: A journey inward. Pamela Grosam.<\/a><\/p>\t\t\t\t\t\t\t\t<\/div>\n\t\t\t\t<\/div>\n\t\t\t\t<div class=\"elementor-element elementor-element-87c528a elementor-widget-divider--view-line elementor-widget elementor-widget-divider\" data-id=\"87c528a\" data-element_type=\"widget\" data-e-type=\"widget\" data-widget_type=\"divider.default\">\n\t\t\t\t<div class=\"elementor-widget-container\">\n\t\t\t\t\t\t\t<div class=\"elementor-divider\">\n\t\t\t<span class=\"elementor-divider-separator\">\n\t\t\t\t\t\t<\/span>\n\t\t<\/div>\n\t\t\t\t\t\t<\/div>\n\t\t\t\t<\/div>\n\t\t\t\t<div class=\"elementor-element elementor-element-688de79 elementor-widget elementor-widget-text-editor\" data-id=\"688de79\" data-element_type=\"widget\" data-e-type=\"widget\" data-widget_type=\"text-editor.default\">\n\t\t\t\t<div class=\"elementor-widget-container\">\n\t\t\t\t\t\t\t\t\t<h3>28 DE FEBRERO AL 7 DE MARZO DE 2026<\/h3><h6><b>Bliss in Baja<\/b><\/h6><h6><i><span style=\"font-weight: normal;\">Un alegre retiro invernal en Baja donde el yoga, la buena comida y una conexi\u00f3n sencilla se unen con el mar y el cielo como tel\u00f3n de fondo.<\/span><\/i><\/h6><p>Reserva tu lugar aqu\u00ed: <a href=\"https:\/\/truroyoga.com\/\">Bliss in Baja. Genevieve Morin.<\/a><\/p>\t\t\t\t\t\t\t\t<\/div>\n\t\t\t\t<\/div>\n\t\t\t\t<div class=\"elementor-element elementor-element-f9ced0f elementor-widget-divider--view-line elementor-widget elementor-widget-divider\" data-id=\"f9ced0f\" data-element_type=\"widget\" data-e-type=\"widget\" data-widget_type=\"divider.default\">\n\t\t\t\t<div class=\"elementor-widget-container\">\n\t\t\t\t\t\t\t<div class=\"elementor-divider\">\n\t\t\t<span class=\"elementor-divider-separator\">\n\t\t\t\t\t\t<\/span>\n\t\t<\/div>\n\t\t\t\t\t\t<\/div>\n\t\t\t\t<\/div>\n\t\t\t\t\t<\/div>\n\t\t<\/div>\n\t\t\t\t\t<\/div>\n\t\t<\/section>\n\t\t\t\t<section class=\"elementor-section elementor-top-section elementor-element elementor-element-e2e4b36 elementor-section-boxed elementor-section-height-default elementor-section-height-default\" data-id=\"e2e4b36\" data-element_type=\"section\" data-e-type=\"section\">\n\t\t\t\t\t\t<div class=\"elementor-container elementor-column-gap-default\">\n\t\t\t\t\t<div class=\"elementor-column elementor-col-100 elementor-top-column elementor-element elementor-element-d4a84d6\" data-id=\"d4a84d6\" data-element_type=\"column\" data-e-type=\"column\">\n\t\t\t<div class=\"elementor-widget-wrap\">\n\t\t\t\t\t\t\t<\/div>\n\t\t<\/div>\n\t\t\t\t\t<\/div>\n\t\t<\/section>\n\t\t\t\t<\/div>","protected":false},"excerpt":{"rendered":"<p>NOVEMBER 4 TO 10, 2025 Kick Back &amp; Create A glorious deep dive into your life on the page and off. Seven days and six nights in a completely magical corner of the world. Your senses and your heart will be filled with daily writing sessions, luscious chef-prepared meals, spectacular sunrises, and splashing about in&#8230;<\/p>","protected":false},"author":1,"featured_media":0,"parent":0,"menu_order":0,"comment_status":"closed","ping_status":"closed","template":"","meta":{"_uf_show_specific_survey":0,"_uf_disable_surveys":false,"_kad_post_transparent":"","_kad_post_title":"hide","_kad_post_layout":"fullwidth","_kad_post_sidebar_id":"","_kad_post_content_style":"unboxed","_kad_post_vertical_padding":"hide","_kad_post_feature":"hide","_kad_post_feature_position":"","_kad_post_header":false,"_kad_post_footer":false,"footnotes":""},"class_list":["post-2623","page","type-page","status-publish","hentry"],"aioseo_notices":[],"yoast_head":"<!-- This site is optimized with the Yoast SEO plugin v27.3 - https:\/\/yoast.com\/product\/yoast-seo-wordpress\/ -->\n<title>Upcoming Retreats - BAJA SERENITY<\/title>\n<meta name=\"robots\" content=\"index, follow, max-snippet:-1, max-image-preview:large, max-video-preview:-1\" \/>\n<link rel=\"canonical\" href=\"https:\/\/bajaserenity.com\/es\/upcoming-retreats\/\" \/>\n<meta property=\"og:locale\" content=\"es_MX\" \/>\n<meta property=\"og:type\" content=\"article\" \/>\n<meta property=\"og:title\" content=\"Upcoming Retreats - BAJA SERENITY\" \/>\n<meta property=\"og:description\" content=\"NOVEMBER 4 TO 10, 2025 Kick Back &amp; Create A glorious deep dive into your life on the page and off. Seven days and six nights in a completely magical corner of the world. Your senses and your heart will be filled with daily writing sessions, luscious chef-prepared meals, spectacular sunrises, and splashing about in...\" \/>\n<meta property=\"og:url\" content=\"https:\/\/bajaserenity.com\/es\/upcoming-retreats\/\" \/>\n<meta property=\"og:site_name\" content=\"BAJA SERENITY\" \/>\n<meta property=\"article:publisher\" content=\"https:\/\/www.facebook.com\/BajaSerenity\" \/>\n<meta property=\"article:modified_time\" content=\"2025-11-13T19:33:26+00:00\" \/>\n<meta name=\"twitter:card\" content=\"summary_large_image\" \/>\n<meta name=\"twitter:label1\" content=\"Est. reading time\" \/>\n\t<meta name=\"twitter:data1\" content=\"2 minutos\" \/>\n<script type=\"application\/ld+json\" class=\"yoast-schema-graph\">{\"@context\":\"https:\\\/\\\/schema.org\",\"@graph\":[{\"@type\":\"WebPage\",\"@id\":\"https:\\\/\\\/bajaserenity.com\\\/upcoming-retreats\\\/\",\"url\":\"https:\\\/\\\/bajaserenity.com\\\/upcoming-retreats\\\/\",\"name\":\"Upcoming Retreats - BAJA SERENITY\",\"isPartOf\":{\"@id\":\"https:\\\/\\\/bajaserenity.com\\\/#website\"},\"datePublished\":\"2024-02-05T21:56:23+00:00\",\"dateModified\":\"2025-11-13T19:33:26+00:00\",\"breadcrumb\":{\"@id\":\"https:\\\/\\\/bajaserenity.com\\\/upcoming-retreats\\\/#breadcrumb\"},\"inLanguage\":\"es\",\"potentialAction\":[{\"@type\":\"ReadAction\",\"target\":[\"https:\\\/\\\/bajaserenity.com\\\/upcoming-retreats\\\/\"]}]},{\"@type\":\"BreadcrumbList\",\"@id\":\"https:\\\/\\\/bajaserenity.com\\\/upcoming-retreats\\\/#breadcrumb\",\"itemListElement\":[{\"@type\":\"ListItem\",\"position\":1,\"name\":\"Home\",\"item\":\"https:\\\/\\\/bajaserenity.com\\\/\"},{\"@type\":\"ListItem\",\"position\":2,\"name\":\"Upcoming Retreats\"}]},{\"@type\":\"WebSite\",\"@id\":\"https:\\\/\\\/bajaserenity.com\\\/#website\",\"url\":\"https:\\\/\\\/bajaserenity.com\\\/\",\"name\":\"BAJA SERENITY\",\"description\":\"A luxury destination\",\"publisher\":{\"@id\":\"https:\\\/\\\/bajaserenity.com\\\/#organization\"},\"potentialAction\":[{\"@type\":\"SearchAction\",\"target\":{\"@type\":\"EntryPoint\",\"urlTemplate\":\"https:\\\/\\\/bajaserenity.com\\\/?s={search_term_string}\"},\"query-input\":{\"@type\":\"PropertyValueSpecification\",\"valueRequired\":true,\"valueName\":\"search_term_string\"}}],\"inLanguage\":\"es\"},{\"@type\":\"Organization\",\"@id\":\"https:\\\/\\\/bajaserenity.com\\\/#organization\",\"name\":\"BAJA SERENITY\",\"url\":\"https:\\\/\\\/bajaserenity.com\\\/\",\"logo\":{\"@type\":\"ImageObject\",\"inLanguage\":\"es\",\"@id\":\"https:\\\/\\\/bajaserenity.com\\\/#\\\/schema\\\/logo\\\/image\\\/\",\"url\":\"https:\\\/\\\/bajaserenity.com\\\/wp-content\\\/uploads\\\/2024\\\/10\\\/SERENITY-REEF-PROFILE-PIC-68.jpg\",\"contentUrl\":\"https:\\\/\\\/bajaserenity.com\\\/wp-content\\\/uploads\\\/2024\\\/10\\\/SERENITY-REEF-PROFILE-PIC-68.jpg\",\"width\":1667,\"height\":1667,\"caption\":\"BAJA SERENITY\"},\"image\":{\"@id\":\"https:\\\/\\\/bajaserenity.com\\\/#\\\/schema\\\/logo\\\/image\\\/\"},\"sameAs\":[\"https:\\\/\\\/www.facebook.com\\\/BajaSerenity\",\"https:\\\/\\\/www.instagram.com\\\/bajaserenity\"]}]}<\/script>\n<!-- \/ Yoast SEO plugin. -->","yoast_head_json":{"title":"Upcoming Retreats - BAJA SERENITY","robots":{"index":"index","follow":"follow","max-snippet":"max-snippet:-1","max-image-preview":"max-image-preview:large","max-video-preview":"max-video-preview:-1"},"canonical":"https:\/\/bajaserenity.com\/es\/upcoming-retreats\/","og_locale":"es_MX","og_type":"article","og_title":"Upcoming Retreats - BAJA SERENITY","og_description":"NOVEMBER 4 TO 10, 2025 Kick Back &amp; Create A glorious deep dive into your life on the page and off. Seven days and six nights in a completely magical corner of the world. Your senses and your heart will be filled with daily writing sessions, luscious chef-prepared meals, spectacular sunrises, and splashing about in...","og_url":"https:\/\/bajaserenity.com\/es\/upcoming-retreats\/","og_site_name":"BAJA SERENITY","article_publisher":"https:\/\/www.facebook.com\/BajaSerenity","article_modified_time":"2025-11-13T19:33:26+00:00","twitter_card":"summary_large_image","twitter_misc":{"Est. reading time":"2 minutos"},"schema":{"@context":"https:\/\/schema.org","@graph":[{"@type":"WebPage","@id":"https:\/\/bajaserenity.com\/upcoming-retreats\/","url":"https:\/\/bajaserenity.com\/upcoming-retreats\/","name":"Upcoming Retreats - BAJA SERENITY","isPartOf":{"@id":"https:\/\/bajaserenity.com\/#website"},"datePublished":"2024-02-05T21:56:23+00:00","dateModified":"2025-11-13T19:33:26+00:00","breadcrumb":{"@id":"https:\/\/bajaserenity.com\/upcoming-retreats\/#breadcrumb"},"inLanguage":"es","potentialAction":[{"@type":"ReadAction","target":["https:\/\/bajaserenity.com\/upcoming-retreats\/"]}]},{"@type":"BreadcrumbList","@id":"https:\/\/bajaserenity.com\/upcoming-retreats\/#breadcrumb","itemListElement":[{"@type":"ListItem","position":1,"name":"Home","item":"https:\/\/bajaserenity.com\/"},{"@type":"ListItem","position":2,"name":"Upcoming Retreats"}]},{"@type":"WebSite","@id":"https:\/\/bajaserenity.com\/#website","url":"https:\/\/bajaserenity.com\/","name":"BAJA SERENITY","description":"A luxury destination","publisher":{"@id":"https:\/\/bajaserenity.com\/#organization"},"potentialAction":[{"@type":"SearchAction","target":{"@type":"EntryPoint","urlTemplate":"https:\/\/bajaserenity.com\/?s={search_term_string}"},"query-input":{"@type":"PropertyValueSpecification","valueRequired":true,"valueName":"search_term_string"}}],"inLanguage":"es"},{"@type":"Organization","@id":"https:\/\/bajaserenity.com\/#organization","name":"BAJA SERENITY","url":"https:\/\/bajaserenity.com\/","logo":{"@type":"ImageObject","inLanguage":"es","@id":"https:\/\/bajaserenity.com\/#\/schema\/logo\/image\/","url":"https:\/\/bajaserenity.com\/wp-content\/uploads\/2024\/10\/SERENITY-REEF-PROFILE-PIC-68.jpg","contentUrl":"https:\/\/bajaserenity.com\/wp-content\/uploads\/2024\/10\/SERENITY-REEF-PROFILE-PIC-68.jpg","width":1667,"height":1667,"caption":"BAJA SERENITY"},"image":{"@id":"https:\/\/bajaserenity.com\/#\/schema\/logo\/image\/"},"sameAs":["https:\/\/www.facebook.com\/BajaSerenity","https:\/\/www.instagram.com\/bajaserenity"]}]}},"_links":{"self":[{"href":"https:\/\/bajaserenity.com\/es\/wp-json\/wp\/v2\/pages\/2623","targetHints":{"allow":["GET"]}}],"collection":[{"href":"https:\/\/bajaserenity.com\/es\/wp-json\/wp\/v2\/pages"}],"about":[{"href":"https:\/\/bajaserenity.com\/es\/wp-json\/wp\/v2\/types\/page"}],"author":[{"embeddable":true,"href":"https:\/\/bajaserenity.com\/es\/wp-json\/wp\/v2\/users\/1"}],"replies":[{"embeddable":true,"href":"https:\/\/bajaserenity.com\/es\/wp-json\/wp\/v2\/comments?post=2623"}],"version-history":[{"count":0,"href":"https:\/\/bajaserenity.com\/es\/wp-json\/wp\/v2\/pages\/2623\/revisions"}],"wp:attachment":[{"href":"https:\/\/bajaserenity.com\/es\/wp-json\/wp\/v2\/media?parent=2623"}],"curies":[{"name":"wp","href":"https:\/\/api.w.org\/{rel}","templated":true}]}}